{"id":532,"date":"2026-04-12T18:01:31","date_gmt":"2026-04-12T18:01:31","guid":{"rendered":"https:\/\/atelieruldecraft.ro\/?post_type=product&#038;p=532"},"modified":"2026-04-13T07:19:59","modified_gmt":"2026-04-13T07:19:59","slug":"topper-absolvire","status":"publish","type":"product","link":"https:\/\/atelieruldecraft.ro\/?product=topper-absolvire","title":{"rendered":"Topper absolvire"},"content":{"rendered":"<p>Topper absolvire. Preg\u0103te\u0219te un cadou memorabil pentru absolvirea din 2026 cu aceast\u0103 toc\u0103 elegant\u0103, conceputa special pentru absolvire 2026.<\/p>\n<p>Material: HDF negru<\/p>\n<p>Marime: 16 cm x 4 cm<\/p>\n<p>Poate va intereseaza si acest produs: <a href=\"https:\/\/atelieruldecraft.ro\/?product=topper-tort-absolvire-toca-2026\">https:\/\/atelieruldecraft.ro\/?product=topper-tort-absolvire-toca-2026<\/a><\/p>\n","protected":false},"excerpt":{"rendered":"<p>Topper absolvire. Preg\u0103te\u0219te un cadou memorabil pentru absolvirea din 2026 cu aceast\u0103 toc\u0103 elegant\u0103, conceputa special pentru absolvire 2026.<\/p>\n","protected":false},"featured_media":529,"comment_status":"open","ping_status":"closed","template":"","meta":{"_monsterinsights_skip_tracking":false,"_monsterinsights_sitenote_active":false,"_monsterinsights_sitenote_note":"","_monsterinsights_sitenote_category":0},"product_brand":[],"product_cat":[25,17],"product_tag":[83,131,136,132,57,134,84,135,129],"class_list":{"0":"post-532","1":"product","2":"type-product","3":"status-publish","4":"has-post-thumbnail","6":"product_cat-absolvire","7":"product_cat-toppere-tort","8":"product_tag-absolvire","9":"product_tag-absolvire-2026","10":"product_tag-cadou-absolvire","11":"product_tag-promotia-2026","12":"product_tag-sezon","13":"product_tag-toca","14":"product_tag-topper","15":"product_tag-topper-toca","16":"product_tag-topper-tort","17":"latest_post","19":"first","20":"instock","21":"shipping-taxable","22":"purchasable","23":"product-type-simple"},"yoast_head":"<!-- This site is optimized with the Yoast SEO plugin v27.3 - https:\/\/yoast.com\/product\/yoast-seo-wordpress\/ -->\n<title>Topper absolvire -<\/title>\n<meta name=\"description\" content=\"Topper absolvire. Preg\u0103te\u0219te un cadou memorabil pentru absolvirea din 2026 cu aceast\u0103 toc\u0103 elegant\u0103, conceputa special pentru absolvire 2026.\u00a0\" \/>\n<meta name=\"robots\" content=\"index, follow, max-snippet:-1, max-image-preview:large, max-video-preview:-1\" \/>\n<link rel=\"canonical\" href=\"https:\/\/atelieruldecraft.ro\/?product=topper-absolvire\" \/>\n<meta property=\"og:locale\" content=\"ro_RO\" \/>\n<meta property=\"og:type\" content=\"article\" \/>\n<meta property=\"og:title\" content=\"Topper absolvire -\" \/>\n<meta property=\"og:description\" content=\"Topper absolvire. Preg\u0103te\u0219te un cadou memorabil pentru absolvirea din 2026 cu aceast\u0103 toc\u0103 elegant\u0103, conceputa special pentru absolvire 2026.\u00a0\" \/>\n<meta property=\"og:url\" content=\"https:\/\/atelieruldecraft.ro\/?product=topper-absolvire\" \/>\n<meta property=\"article:publisher\" content=\"https:\/\/www.facebook.com\/profile.php?id=61572208782174\" \/>\n<meta property=\"article:modified_time\" content=\"2026-04-13T07:19:59+00:00\" \/>\n<meta property=\"og:image\" content=\"https:\/\/atelieruldecraft.ro\/wp-content\/uploads\/2026\/04\/topper_absolvire_toca_mica_26.jpg\" \/>\n\t<meta property=\"og:image:width\" content=\"800\" \/>\n\t<meta property=\"og:image:height\" content=\"800\" \/>\n\t<meta property=\"og:image:type\" content=\"image\/jpeg\" \/>\n<meta name=\"twitter:card\" content=\"summary_large_image\" \/>\n<meta name=\"twitter:label1\" content=\"Timp estimat pentru citire\" \/>\n\t<meta name=\"twitter:data1\" content=\"1 minut\" \/>\n<script type=\"application\/ld+json\" class=\"yoast-schema-graph\">{\"@context\":\"https:\\\/\\\/schema.org\",\"@graph\":[{\"@type\":\"WebPage\",\"@id\":\"https:\\\/\\\/atelieruldecraft.ro\\\/?product=topper-absolvire\",\"url\":\"https:\\\/\\\/atelieruldecraft.ro\\\/?product=topper-absolvire\",\"name\":\"Topper absolvire -\",\"isPartOf\":{\"@id\":\"https:\\\/\\\/atelieruldecraft.ro\\\/#website\"},\"primaryImageOfPage\":{\"@id\":\"https:\\\/\\\/atelieruldecraft.ro\\\/?product=topper-absolvire#primaryimage\"},\"image\":{\"@id\":\"https:\\\/\\\/atelieruldecraft.ro\\\/?product=topper-absolvire#primaryimage\"},\"thumbnailUrl\":\"https:\\\/\\\/atelieruldecraft.ro\\\/wp-content\\\/uploads\\\/2026\\\/04\\\/topper_absolvire_toca_mica_26.jpg\",\"datePublished\":\"2026-04-12T18:01:31+00:00\",\"dateModified\":\"2026-04-13T07:19:59+00:00\",\"description\":\"Topper absolvire. Preg\u0103te\u0219te un cadou memorabil pentru absolvirea din 2026 cu aceast\u0103 toc\u0103 elegant\u0103, conceputa special pentru absolvire 2026.\u00a0\",\"breadcrumb\":{\"@id\":\"https:\\\/\\\/atelieruldecraft.ro\\\/?product=topper-absolvire#breadcrumb\"},\"inLanguage\":\"ro-RO\",\"potentialAction\":[{\"@type\":\"ReadAction\",\"target\":[\"https:\\\/\\\/atelieruldecraft.ro\\\/?product=topper-absolvire\"]}]},{\"@type\":\"ImageObject\",\"inLanguage\":\"ro-RO\",\"@id\":\"https:\\\/\\\/atelieruldecraft.ro\\\/?product=topper-absolvire#primaryimage\",\"url\":\"https:\\\/\\\/atelieruldecraft.ro\\\/wp-content\\\/uploads\\\/2026\\\/04\\\/topper_absolvire_toca_mica_26.jpg\",\"contentUrl\":\"https:\\\/\\\/atelieruldecraft.ro\\\/wp-content\\\/uploads\\\/2026\\\/04\\\/topper_absolvire_toca_mica_26.jpg\",\"width\":800,\"height\":800,\"caption\":\"Topper absolvire\"},{\"@type\":\"BreadcrumbList\",\"@id\":\"https:\\\/\\\/atelieruldecraft.ro\\\/?product=topper-absolvire#breadcrumb\",\"itemListElement\":[{\"@type\":\"ListItem\",\"position\":1,\"name\":\"Home\",\"item\":\"https:\\\/\\\/atelieruldecraft.ro\\\/\"},{\"@type\":\"ListItem\",\"position\":2,\"name\":\"Shop\",\"item\":\"https:\\\/\\\/atelieruldecraft.ro\\\/?page_id=6\"},{\"@type\":\"ListItem\",\"position\":3,\"name\":\"Topper absolvire\"}]},{\"@type\":\"WebSite\",\"@id\":\"https:\\\/\\\/atelieruldecraft.ro\\\/#website\",\"url\":\"https:\\\/\\\/atelieruldecraft.ro\\\/\",\"name\":\"Atelierul de Craft\",\"description\":\"craft with love, made from heart\",\"publisher\":{\"@id\":\"https:\\\/\\\/atelieruldecraft.ro\\\/#organization\"},\"potentialAction\":[{\"@type\":\"SearchAction\",\"target\":{\"@type\":\"EntryPoint\",\"urlTemplate\":\"https:\\\/\\\/atelieruldecraft.ro\\\/?s={search_term_string}\"},\"query-input\":{\"@type\":\"PropertyValueSpecification\",\"valueRequired\":true,\"valueName\":\"search_term_string\"}}],\"inLanguage\":\"ro-RO\"},{\"@type\":\"Organization\",\"@id\":\"https:\\\/\\\/atelieruldecraft.ro\\\/#organization\",\"name\":\"Atelierul de Craft\",\"url\":\"https:\\\/\\\/atelieruldecraft.ro\\\/\",\"logo\":{\"@type\":\"ImageObject\",\"inLanguage\":\"ro-RO\",\"@id\":\"https:\\\/\\\/atelieruldecraft.ro\\\/#\\\/schema\\\/logo\\\/image\\\/\",\"url\":\"https:\\\/\\\/atelieruldecraft.ro\\\/wp-content\\\/uploads\\\/2025\\\/03\\\/proba_logo_website.png\",\"contentUrl\":\"https:\\\/\\\/atelieruldecraft.ro\\\/wp-content\\\/uploads\\\/2025\\\/03\\\/proba_logo_website.png\",\"width\":1065,\"height\":197,\"caption\":\"Atelierul de Craft\"},\"image\":{\"@id\":\"https:\\\/\\\/atelieruldecraft.ro\\\/#\\\/schema\\\/logo\\\/image\\\/\"},\"sameAs\":[\"https:\\\/\\\/www.facebook.com\\\/profile.php?id=61572208782174\"]}]}<\/script>\n<!-- \/ Yoast SEO plugin. -->","yoast_head_json":{"title":"Topper absolvire -","description":"Topper absolvire. Preg\u0103te\u0219te un cadou memorabil pentru absolvirea din 2026 cu aceast\u0103 toc\u0103 elegant\u0103, conceputa special pentru absolvire 2026.\u00a0","robots":{"index":"index","follow":"follow","max-snippet":"max-snippet:-1","max-image-preview":"max-image-preview:large","max-video-preview":"max-video-preview:-1"},"canonical":"https:\/\/atelieruldecraft.ro\/?product=topper-absolvire","og_locale":"ro_RO","og_type":"article","og_title":"Topper absolvire -","og_description":"Topper absolvire. Preg\u0103te\u0219te un cadou memorabil pentru absolvirea din 2026 cu aceast\u0103 toc\u0103 elegant\u0103, conceputa special pentru absolvire 2026.\u00a0","og_url":"https:\/\/atelieruldecraft.ro\/?product=topper-absolvire","article_publisher":"https:\/\/www.facebook.com\/profile.php?id=61572208782174","article_modified_time":"2026-04-13T07:19:59+00:00","og_image":[{"width":800,"height":800,"url":"https:\/\/atelieruldecraft.ro\/wp-content\/uploads\/2026\/04\/topper_absolvire_toca_mica_26.jpg","type":"image\/jpeg"}],"twitter_card":"summary_large_image","twitter_misc":{"Timp estimat pentru citire":"1 minut"},"schema":{"@context":"https:\/\/schema.org","@graph":[{"@type":"WebPage","@id":"https:\/\/atelieruldecraft.ro\/?product=topper-absolvire","url":"https:\/\/atelieruldecraft.ro\/?product=topper-absolvire","name":"Topper absolvire -","isPartOf":{"@id":"https:\/\/atelieruldecraft.ro\/#website"},"primaryImageOfPage":{"@id":"https:\/\/atelieruldecraft.ro\/?product=topper-absolvire#primaryimage"},"image":{"@id":"https:\/\/atelieruldecraft.ro\/?product=topper-absolvire#primaryimage"},"thumbnailUrl":"https:\/\/atelieruldecraft.ro\/wp-content\/uploads\/2026\/04\/topper_absolvire_toca_mica_26.jpg","datePublished":"2026-04-12T18:01:31+00:00","dateModified":"2026-04-13T07:19:59+00:00","description":"Topper absolvire. Preg\u0103te\u0219te un cadou memorabil pentru absolvirea din 2026 cu aceast\u0103 toc\u0103 elegant\u0103, conceputa special pentru absolvire 2026.\u00a0","breadcrumb":{"@id":"https:\/\/atelieruldecraft.ro\/?product=topper-absolvire#breadcrumb"},"inLanguage":"ro-RO","potentialAction":[{"@type":"ReadAction","target":["https:\/\/atelieruldecraft.ro\/?product=topper-absolvire"]}]},{"@type":"ImageObject","inLanguage":"ro-RO","@id":"https:\/\/atelieruldecraft.ro\/?product=topper-absolvire#primaryimage","url":"https:\/\/atelieruldecraft.ro\/wp-content\/uploads\/2026\/04\/topper_absolvire_toca_mica_26.jpg","contentUrl":"https:\/\/atelieruldecraft.ro\/wp-content\/uploads\/2026\/04\/topper_absolvire_toca_mica_26.jpg","width":800,"height":800,"caption":"Topper absolvire"},{"@type":"BreadcrumbList","@id":"https:\/\/atelieruldecraft.ro\/?product=topper-absolvire#breadcrumb","itemListElement":[{"@type":"ListItem","position":1,"name":"Home","item":"https:\/\/atelieruldecraft.ro\/"},{"@type":"ListItem","position":2,"name":"Shop","item":"https:\/\/atelieruldecraft.ro\/?page_id=6"},{"@type":"ListItem","position":3,"name":"Topper absolvire"}]},{"@type":"WebSite","@id":"https:\/\/atelieruldecraft.ro\/#website","url":"https:\/\/atelieruldecraft.ro\/","name":"Atelierul de Craft","description":"craft with love, made from heart","publisher":{"@id":"https:\/\/atelieruldecraft.ro\/#organization"},"potentialAction":[{"@type":"SearchAction","target":{"@type":"EntryPoint","urlTemplate":"https:\/\/atelieruldecraft.ro\/?s={search_term_string}"},"query-input":{"@type":"PropertyValueSpecification","valueRequired":true,"valueName":"search_term_string"}}],"inLanguage":"ro-RO"},{"@type":"Organization","@id":"https:\/\/atelieruldecraft.ro\/#organization","name":"Atelierul de Craft","url":"https:\/\/atelieruldecraft.ro\/","logo":{"@type":"ImageObject","inLanguage":"ro-RO","@id":"https:\/\/atelieruldecraft.ro\/#\/schema\/logo\/image\/","url":"https:\/\/atelieruldecraft.ro\/wp-content\/uploads\/2025\/03\/proba_logo_website.png","contentUrl":"https:\/\/atelieruldecraft.ro\/wp-content\/uploads\/2025\/03\/proba_logo_website.png","width":1065,"height":197,"caption":"Atelierul de Craft"},"image":{"@id":"https:\/\/atelieruldecraft.ro\/#\/schema\/logo\/image\/"},"sameAs":["https:\/\/www.facebook.com\/profile.php?id=61572208782174"]}]}},"_links":{"self":[{"href":"https:\/\/atelieruldecraft.ro\/index.php?rest_route=\/wp\/v2\/product\/532","targetHints":{"allow":["GET"]}}],"collection":[{"href":"https:\/\/atelieruldecraft.ro\/index.php?rest_route=\/wp\/v2\/product"}],"about":[{"href":"https:\/\/atelieruldecraft.ro\/index.php?rest_route=\/wp\/v2\/types\/product"}],"replies":[{"embeddable":true,"href":"https:\/\/atelieruldecraft.ro\/index.php?rest_route=%2Fwp%2Fv2%2Fcomments&post=532"}],"wp:featuredmedia":[{"embeddable":true,"href":"https:\/\/atelieruldecraft.ro\/index.php?rest_route=\/wp\/v2\/media\/529"}],"wp:attachment":[{"href":"https:\/\/atelieruldecraft.ro\/index.php?rest_route=%2Fwp%2Fv2%2Fmedia&parent=532"}],"wp:term":[{"taxonomy":"product_brand","embeddable":true,"href":"https:\/\/atelieruldecraft.ro\/index.php?rest_route=%2Fwp%2Fv2%2Fproduct_brand&post=532"},{"taxonomy":"product_cat","embeddable":true,"href":"https:\/\/atelieruldecraft.ro\/index.php?rest_route=%2Fwp%2Fv2%2Fproduct_cat&post=532"},{"taxonomy":"product_tag","embeddable":true,"href":"https:\/\/atelieruldecraft.ro\/index.php?rest_route=%2Fwp%2Fv2%2Fproduct_tag&post=532"}],"curies":[{"name":"wp","href":"https:\/\/api.w.org\/{rel}","templated":true}]}}