{"id":494,"date":"2026-01-05T16:53:34","date_gmt":"2026-01-05T16:53:34","guid":{"rendered":"https:\/\/atelieruldecraft.ro\/?post_type=product&#038;p=494"},"modified":"2026-01-09T17:14:25","modified_gmt":"2026-01-09T17:14:25","slug":"cutie-aranjamente-florale-8-martie-lemn","status":"publish","type":"product","link":"https:\/\/atelieruldecraft.ro\/?product=cutie-aranjamente-florale-8-martie-lemn","title":{"rendered":"Cutie aranjamente florale 8 martie lemn"},"content":{"rendered":"<p>Cutie aranjamente florale 8 martie lemn, este alegerea ideal\u0103 pentru realizarea de aranjamente florale personalizate, cadouri handmade sau decoruri speciale de Ziua Femeii. Confec\u021bionat\u0103 din MDF, cu fata alba si spate natur, realizat\u0103 cu aten\u021bie \u00een atelierul nostru, aceast\u0103 cutie ofer\u0103 o baz\u0103 versatil\u0103 pentru crea\u021bii florale sau proiecte creative.<\/p>\n<p>Marime exterior: <span data-surface-wrapper=\"1\" data-surface=\"\/bizweb:all\" data-auto-logging-id=\"fd8bdb99b\">21 x 14 x 11 cm<\/span><\/p>\n<p>Marime interior: 10 x 10 x 9 cm<\/p>\n<p data-start=\"465\" data-end=\"684\">Poate fi vopsit\u0103, l\u0103cuit\u0103 sau decorat\u0103 prin diferite tehnici de personalizare, precum decoupage, fototransfer sau pirogravur\u0103, fiind potrivit\u0103 at\u00e2t pentru flor\u0103rii, c\u00e2t \u0219i pentru pasiona\u021bii de DIY \u0219i produse artizanale.<\/p>\n","protected":false},"excerpt":{"rendered":"<p>Cutie aranjamente florale 8 martie lemn, este alegerea ideal\u0103 pentru realizarea de aranjamente florale personalizate, cadouri handmade sau decoruri speciale de Ziua Femeii. Confec\u021bionat\u0103 din &hellip; <\/p>\n","protected":false},"featured_media":506,"comment_status":"open","ping_status":"closed","template":"","meta":{"_monsterinsights_skip_tracking":false,"_monsterinsights_sitenote_active":false,"_monsterinsights_sitenote_note":"","_monsterinsights_sitenote_category":0},"product_brand":[],"product_cat":[123],"product_tag":[127,125,126,124,73],"class_list":{"0":"post-494","1":"product","2":"type-product","3":"status-publish","4":"has-post-thumbnail","6":"product_cat-martisor","7":"product_tag-cutie_8martie","8":"product_tag-cutie_aranjamente","9":"product_tag-cutie_aranjamente_florale","10":"product_tag-cutie_martie","11":"product_tag-noutati","12":"latest_post","14":"first","15":"instock","16":"shipping-taxable","17":"purchasable","18":"product-type-simple"},"yoast_head":"<!-- This site is optimized with the Yoast SEO plugin v27.3 - https:\/\/yoast.com\/product\/yoast-seo-wordpress\/ -->\n<title>Cutie aranjamente florale 8 martie lemn -<\/title>\n<meta name=\"robots\" content=\"index, follow, max-snippet:-1, max-image-preview:large, max-video-preview:-1\" \/>\n<link rel=\"canonical\" href=\"https:\/\/atelieruldecraft.ro\/?product=cutie-aranjamente-florale-8-martie-lemn\" \/>\n<meta property=\"og:locale\" content=\"ro_RO\" \/>\n<meta property=\"og:type\" content=\"article\" \/>\n<meta property=\"og:title\" content=\"Cutie aranjamente florale 8 martie lemn -\" \/>\n<meta property=\"og:description\" content=\"Cutie aranjamente florale 8 martie lemn, este alegerea ideal\u0103 pentru realizarea de aranjamente florale personalizate, cadouri handmade sau decoruri speciale de Ziua Femeii. Confec\u021bionat\u0103 din &hellip;\" \/>\n<meta property=\"og:url\" content=\"https:\/\/atelieruldecraft.ro\/?product=cutie-aranjamente-florale-8-martie-lemn\" \/>\n<meta property=\"article:publisher\" content=\"https:\/\/www.facebook.com\/profile.php?id=61572208782174\" \/>\n<meta property=\"article:modified_time\" content=\"2026-01-09T17:14:25+00:00\" \/>\n<meta property=\"og:image\" content=\"https:\/\/atelieruldecraft.ro\/wp-content\/uploads\/2026\/01\/IMG_20260109_190312112_MFNR2-scaled.jpg\" \/>\n\t<meta property=\"og:image:width\" content=\"2560\" \/>\n\t<meta property=\"og:image:height\" content=\"2560\" \/>\n\t<meta property=\"og:image:type\" content=\"image\/jpeg\" \/>\n<meta name=\"twitter:card\" content=\"summary_large_image\" \/>\n<script type=\"application\/ld+json\" class=\"yoast-schema-graph\">{\"@context\":\"https:\\\/\\\/schema.org\",\"@graph\":[{\"@type\":\"WebPage\",\"@id\":\"https:\\\/\\\/atelieruldecraft.ro\\\/?product=cutie-aranjamente-florale-8-martie-lemn\",\"url\":\"https:\\\/\\\/atelieruldecraft.ro\\\/?product=cutie-aranjamente-florale-8-martie-lemn\",\"name\":\"Cutie aranjamente florale 8 martie lemn -\",\"isPartOf\":{\"@id\":\"https:\\\/\\\/atelieruldecraft.ro\\\/#website\"},\"primaryImageOfPage\":{\"@id\":\"https:\\\/\\\/atelieruldecraft.ro\\\/?product=cutie-aranjamente-florale-8-martie-lemn#primaryimage\"},\"image\":{\"@id\":\"https:\\\/\\\/atelieruldecraft.ro\\\/?product=cutie-aranjamente-florale-8-martie-lemn#primaryimage\"},\"thumbnailUrl\":\"https:\\\/\\\/atelieruldecraft.ro\\\/wp-content\\\/uploads\\\/2026\\\/01\\\/IMG_20260109_190312112_MFNR2-scaled.jpg\",\"datePublished\":\"2026-01-05T16:53:34+00:00\",\"dateModified\":\"2026-01-09T17:14:25+00:00\",\"breadcrumb\":{\"@id\":\"https:\\\/\\\/atelieruldecraft.ro\\\/?product=cutie-aranjamente-florale-8-martie-lemn#breadcrumb\"},\"inLanguage\":\"ro-RO\",\"potentialAction\":[{\"@type\":\"ReadAction\",\"target\":[\"https:\\\/\\\/atelieruldecraft.ro\\\/?product=cutie-aranjamente-florale-8-martie-lemn\"]}]},{\"@type\":\"ImageObject\",\"inLanguage\":\"ro-RO\",\"@id\":\"https:\\\/\\\/atelieruldecraft.ro\\\/?product=cutie-aranjamente-florale-8-martie-lemn#primaryimage\",\"url\":\"https:\\\/\\\/atelieruldecraft.ro\\\/wp-content\\\/uploads\\\/2026\\\/01\\\/IMG_20260109_190312112_MFNR2-scaled.jpg\",\"contentUrl\":\"https:\\\/\\\/atelieruldecraft.ro\\\/wp-content\\\/uploads\\\/2026\\\/01\\\/IMG_20260109_190312112_MFNR2-scaled.jpg\",\"width\":2560,\"height\":2560,\"caption\":\"cutie_aranjamente_martie_lemn\"},{\"@type\":\"BreadcrumbList\",\"@id\":\"https:\\\/\\\/atelieruldecraft.ro\\\/?product=cutie-aranjamente-florale-8-martie-lemn#breadcrumb\",\"itemListElement\":[{\"@type\":\"ListItem\",\"position\":1,\"name\":\"Home\",\"item\":\"https:\\\/\\\/atelieruldecraft.ro\\\/\"},{\"@type\":\"ListItem\",\"position\":2,\"name\":\"Shop\",\"item\":\"https:\\\/\\\/atelieruldecraft.ro\\\/?page_id=6\"},{\"@type\":\"ListItem\",\"position\":3,\"name\":\"Cutie aranjamente florale 8 martie lemn\"}]},{\"@type\":\"WebSite\",\"@id\":\"https:\\\/\\\/atelieruldecraft.ro\\\/#website\",\"url\":\"https:\\\/\\\/atelieruldecraft.ro\\\/\",\"name\":\"Atelierul de Craft\",\"description\":\"craft with love, made from heart\",\"publisher\":{\"@id\":\"https:\\\/\\\/atelieruldecraft.ro\\\/#organization\"},\"potentialAction\":[{\"@type\":\"SearchAction\",\"target\":{\"@type\":\"EntryPoint\",\"urlTemplate\":\"https:\\\/\\\/atelieruldecraft.ro\\\/?s={search_term_string}\"},\"query-input\":{\"@type\":\"PropertyValueSpecification\",\"valueRequired\":true,\"valueName\":\"search_term_string\"}}],\"inLanguage\":\"ro-RO\"},{\"@type\":\"Organization\",\"@id\":\"https:\\\/\\\/atelieruldecraft.ro\\\/#organization\",\"name\":\"Atelierul de Craft\",\"url\":\"https:\\\/\\\/atelieruldecraft.ro\\\/\",\"logo\":{\"@type\":\"ImageObject\",\"inLanguage\":\"ro-RO\",\"@id\":\"https:\\\/\\\/atelieruldecraft.ro\\\/#\\\/schema\\\/logo\\\/image\\\/\",\"url\":\"https:\\\/\\\/atelieruldecraft.ro\\\/wp-content\\\/uploads\\\/2025\\\/03\\\/proba_logo_website.png\",\"contentUrl\":\"https:\\\/\\\/atelieruldecraft.ro\\\/wp-content\\\/uploads\\\/2025\\\/03\\\/proba_logo_website.png\",\"width\":1065,\"height\":197,\"caption\":\"Atelierul de Craft\"},\"image\":{\"@id\":\"https:\\\/\\\/atelieruldecraft.ro\\\/#\\\/schema\\\/logo\\\/image\\\/\"},\"sameAs\":[\"https:\\\/\\\/www.facebook.com\\\/profile.php?id=61572208782174\"]}]}<\/script>\n<!-- \/ Yoast SEO plugin. -->","yoast_head_json":{"title":"Cutie aranjamente florale 8 martie lemn -","robots":{"index":"index","follow":"follow","max-snippet":"max-snippet:-1","max-image-preview":"max-image-preview:large","max-video-preview":"max-video-preview:-1"},"canonical":"https:\/\/atelieruldecraft.ro\/?product=cutie-aranjamente-florale-8-martie-lemn","og_locale":"ro_RO","og_type":"article","og_title":"Cutie aranjamente florale 8 martie lemn -","og_description":"Cutie aranjamente florale 8 martie lemn, este alegerea ideal\u0103 pentru realizarea de aranjamente florale personalizate, cadouri handmade sau decoruri speciale de Ziua Femeii. Confec\u021bionat\u0103 din &hellip;","og_url":"https:\/\/atelieruldecraft.ro\/?product=cutie-aranjamente-florale-8-martie-lemn","article_publisher":"https:\/\/www.facebook.com\/profile.php?id=61572208782174","article_modified_time":"2026-01-09T17:14:25+00:00","og_image":[{"width":2560,"height":2560,"url":"https:\/\/atelieruldecraft.ro\/wp-content\/uploads\/2026\/01\/IMG_20260109_190312112_MFNR2-scaled.jpg","type":"image\/jpeg"}],"twitter_card":"summary_large_image","schema":{"@context":"https:\/\/schema.org","@graph":[{"@type":"WebPage","@id":"https:\/\/atelieruldecraft.ro\/?product=cutie-aranjamente-florale-8-martie-lemn","url":"https:\/\/atelieruldecraft.ro\/?product=cutie-aranjamente-florale-8-martie-lemn","name":"Cutie aranjamente florale 8 martie lemn -","isPartOf":{"@id":"https:\/\/atelieruldecraft.ro\/#website"},"primaryImageOfPage":{"@id":"https:\/\/atelieruldecraft.ro\/?product=cutie-aranjamente-florale-8-martie-lemn#primaryimage"},"image":{"@id":"https:\/\/atelieruldecraft.ro\/?product=cutie-aranjamente-florale-8-martie-lemn#primaryimage"},"thumbnailUrl":"https:\/\/atelieruldecraft.ro\/wp-content\/uploads\/2026\/01\/IMG_20260109_190312112_MFNR2-scaled.jpg","datePublished":"2026-01-05T16:53:34+00:00","dateModified":"2026-01-09T17:14:25+00:00","breadcrumb":{"@id":"https:\/\/atelieruldecraft.ro\/?product=cutie-aranjamente-florale-8-martie-lemn#breadcrumb"},"inLanguage":"ro-RO","potentialAction":[{"@type":"ReadAction","target":["https:\/\/atelieruldecraft.ro\/?product=cutie-aranjamente-florale-8-martie-lemn"]}]},{"@type":"ImageObject","inLanguage":"ro-RO","@id":"https:\/\/atelieruldecraft.ro\/?product=cutie-aranjamente-florale-8-martie-lemn#primaryimage","url":"https:\/\/atelieruldecraft.ro\/wp-content\/uploads\/2026\/01\/IMG_20260109_190312112_MFNR2-scaled.jpg","contentUrl":"https:\/\/atelieruldecraft.ro\/wp-content\/uploads\/2026\/01\/IMG_20260109_190312112_MFNR2-scaled.jpg","width":2560,"height":2560,"caption":"cutie_aranjamente_martie_lemn"},{"@type":"BreadcrumbList","@id":"https:\/\/atelieruldecraft.ro\/?product=cutie-aranjamente-florale-8-martie-lemn#breadcrumb","itemListElement":[{"@type":"ListItem","position":1,"name":"Home","item":"https:\/\/atelieruldecraft.ro\/"},{"@type":"ListItem","position":2,"name":"Shop","item":"https:\/\/atelieruldecraft.ro\/?page_id=6"},{"@type":"ListItem","position":3,"name":"Cutie aranjamente florale 8 martie lemn"}]},{"@type":"WebSite","@id":"https:\/\/atelieruldecraft.ro\/#website","url":"https:\/\/atelieruldecraft.ro\/","name":"Atelierul de Craft","description":"craft with love, made from heart","publisher":{"@id":"https:\/\/atelieruldecraft.ro\/#organization"},"potentialAction":[{"@type":"SearchAction","target":{"@type":"EntryPoint","urlTemplate":"https:\/\/atelieruldecraft.ro\/?s={search_term_string}"},"query-input":{"@type":"PropertyValueSpecification","valueRequired":true,"valueName":"search_term_string"}}],"inLanguage":"ro-RO"},{"@type":"Organization","@id":"https:\/\/atelieruldecraft.ro\/#organization","name":"Atelierul de Craft","url":"https:\/\/atelieruldecraft.ro\/","logo":{"@type":"ImageObject","inLanguage":"ro-RO","@id":"https:\/\/atelieruldecraft.ro\/#\/schema\/logo\/image\/","url":"https:\/\/atelieruldecraft.ro\/wp-content\/uploads\/2025\/03\/proba_logo_website.png","contentUrl":"https:\/\/atelieruldecraft.ro\/wp-content\/uploads\/2025\/03\/proba_logo_website.png","width":1065,"height":197,"caption":"Atelierul de Craft"},"image":{"@id":"https:\/\/atelieruldecraft.ro\/#\/schema\/logo\/image\/"},"sameAs":["https:\/\/www.facebook.com\/profile.php?id=61572208782174"]}]}},"_links":{"self":[{"href":"https:\/\/atelieruldecraft.ro\/index.php?rest_route=\/wp\/v2\/product\/494","targetHints":{"allow":["GET"]}}],"collection":[{"href":"https:\/\/atelieruldecraft.ro\/index.php?rest_route=\/wp\/v2\/product"}],"about":[{"href":"https:\/\/atelieruldecraft.ro\/index.php?rest_route=\/wp\/v2\/types\/product"}],"replies":[{"embeddable":true,"href":"https:\/\/atelieruldecraft.ro\/index.php?rest_route=%2Fwp%2Fv2%2Fcomments&post=494"}],"wp:featuredmedia":[{"embeddable":true,"href":"https:\/\/atelieruldecraft.ro\/index.php?rest_route=\/wp\/v2\/media\/506"}],"wp:attachment":[{"href":"https:\/\/atelieruldecraft.ro\/index.php?rest_route=%2Fwp%2Fv2%2Fmedia&parent=494"}],"wp:term":[{"taxonomy":"product_brand","embeddable":true,"href":"https:\/\/atelieruldecraft.ro\/index.php?rest_route=%2Fwp%2Fv2%2Fproduct_brand&post=494"},{"taxonomy":"product_cat","embeddable":true,"href":"https:\/\/atelieruldecraft.ro\/index.php?rest_route=%2Fwp%2Fv2%2Fproduct_cat&post=494"},{"taxonomy":"product_tag","embeddable":true,"href":"https:\/\/atelieruldecraft.ro\/index.php?rest_route=%2Fwp%2Fv2%2Fproduct_tag&post=494"}],"curies":[{"name":"wp","href":"https:\/\/api.w.org\/{rel}","templated":true}]}}