{"id":484,"date":"2025-09-30T06:23:34","date_gmt":"2025-09-30T06:23:34","guid":{"rendered":"https:\/\/atelieruldecraft.ro\/?post_type=product&#038;p=484"},"modified":"2025-09-30T06:23:34","modified_gmt":"2025-09-30T06:23:34","slug":"glob-craciun-fericit-om-zapada","status":"publish","type":"product","link":"https:\/\/atelieruldecraft.ro\/?product=glob-craciun-fericit-om-zapada","title":{"rendered":"Glob &#8222;Craciun Fericit&#8221; om zapada"},"content":{"rendered":"<p>Glob &#8222;Craciun Fericit&#8221; om zapada. O decora\u021biune clasic\u0103 \u0219i plin\u0103 de farmec, perfect\u0103 pentru a aduce spiritul s\u0103rb\u0103torilor \u00een casa ta. Globul este realizat din <strong data-start=\"281\" data-end=\"322\">lemn natural (placaj de 3 mm grosime)<\/strong> \u0219i are un diametru de <strong data-start=\"345\" data-end=\"355\">8,8 cm<\/strong>, fiind u\u0219or, durabil \u0219i ideal pentru orice brad de Cr\u0103ciun. Acest glob aduce un strop de magie \u0219i tradi\u021bie, fiind potrivit at\u00e2t pentru <strong data-start=\"712\" data-end=\"734\">decorarea bradului<\/strong>, c\u00e2t \u0219i pentru a fi oferit cadou celor dragi.<\/p>\n","protected":false},"excerpt":{"rendered":"<p>Glob &#8222;Craciun Fericit&#8221; om zapada. O decora\u021biune clasic\u0103 \u0219i plin\u0103 de farmec, perfect\u0103 pentru a aduce spiritul s\u0103rb\u0103torilor \u00een casa ta. Globul este realizat din <strong data-start=\"281\" data-end=\"322\">lemn natural (placaj de 3 mm grosime)<\/strong> \u0219i are un diametru de <strong data-start=\"345\" data-end=\"355\">8,8 cm<\/strong>, fiind u\u0219or, durabil \u0219i ideal pentru orice brad de Cr\u0103ciun. Acest glob aduce un strop de magie \u0219i tradi\u021bie, fiind potrivit at\u00e2t pentru <strong data-start=\"712\" data-end=\"734\">decorarea bradului<\/strong>, c\u00e2t \u0219i pentru a fi oferit cadou celor dragi.<\/p>\n","protected":false},"featured_media":477,"comment_status":"open","ping_status":"closed","template":"","meta":{"_monsterinsights_skip_tracking":false,"_monsterinsights_sitenote_active":false,"_monsterinsights_sitenote_note":"","_monsterinsights_sitenote_category":0},"product_brand":[],"product_cat":[18],"product_tag":[],"class_list":{"0":"post-484","1":"product","2":"type-product","3":"status-publish","4":"has-post-thumbnail","6":"product_cat-cadouri","7":"latest_post","9":"first","10":"instock","11":"shipping-taxable","12":"purchasable","13":"product-type-simple"},"yoast_head":"<!-- This site is optimized with the Yoast SEO plugin v27.3 - https:\/\/yoast.com\/product\/yoast-seo-wordpress\/ -->\n<title>Glob &quot;Craciun Fericit&quot; om zapada -<\/title>\n<meta name=\"robots\" content=\"index, follow, max-snippet:-1, max-image-preview:large, max-video-preview:-1\" \/>\n<link rel=\"canonical\" href=\"https:\/\/atelieruldecraft.ro\/?product=glob-craciun-fericit-om-zapada\" \/>\n<meta property=\"og:locale\" content=\"ro_RO\" \/>\n<meta property=\"og:type\" content=\"article\" \/>\n<meta property=\"og:title\" content=\"Glob &quot;Craciun Fericit&quot; om zapada -\" \/>\n<meta property=\"og:description\" content=\"Glob &quot;Craciun Fericit&quot; om zapada. O decora\u021biune clasic\u0103 \u0219i plin\u0103 de farmec, perfect\u0103 pentru a aduce spiritul s\u0103rb\u0103torilor \u00een casa ta. Globul este realizat din lemn natural (placaj de 3 mm grosime) \u0219i are un diametru de 8,8 cm, fiind u\u0219or, durabil \u0219i ideal pentru orice brad de Cr\u0103ciun. Acest glob aduce un strop de magie \u0219i tradi\u021bie, fiind potrivit at\u00e2t pentru decorarea bradului, c\u00e2t \u0219i pentru a fi oferit cadou celor dragi.\" \/>\n<meta property=\"og:url\" content=\"https:\/\/atelieruldecraft.ro\/?product=glob-craciun-fericit-om-zapada\" \/>\n<meta property=\"article:publisher\" content=\"https:\/\/www.facebook.com\/profile.php?id=61572208782174\" \/>\n<meta property=\"og:image\" content=\"https:\/\/atelieruldecraft.ro\/wp-content\/uploads\/2025\/09\/glob_om_zapada_text.jpg\" \/>\n\t<meta property=\"og:image:width\" content=\"1875\" \/>\n\t<meta property=\"og:image:height\" content=\"1875\" \/>\n\t<meta property=\"og:image:type\" content=\"image\/jpeg\" \/>\n<meta name=\"twitter:card\" content=\"summary_large_image\" \/>\n<script type=\"application\/ld+json\" class=\"yoast-schema-graph\">{\"@context\":\"https:\\\/\\\/schema.org\",\"@graph\":[{\"@type\":\"WebPage\",\"@id\":\"https:\\\/\\\/atelieruldecraft.ro\\\/?product=glob-craciun-fericit-om-zapada\",\"url\":\"https:\\\/\\\/atelieruldecraft.ro\\\/?product=glob-craciun-fericit-om-zapada\",\"name\":\"Glob \\\"Craciun Fericit\\\" om zapada -\",\"isPartOf\":{\"@id\":\"https:\\\/\\\/atelieruldecraft.ro\\\/#website\"},\"primaryImageOfPage\":{\"@id\":\"https:\\\/\\\/atelieruldecraft.ro\\\/?product=glob-craciun-fericit-om-zapada#primaryimage\"},\"image\":{\"@id\":\"https:\\\/\\\/atelieruldecraft.ro\\\/?product=glob-craciun-fericit-om-zapada#primaryimage\"},\"thumbnailUrl\":\"https:\\\/\\\/atelieruldecraft.ro\\\/wp-content\\\/uploads\\\/2025\\\/09\\\/glob_om_zapada_text.jpg\",\"datePublished\":\"2025-09-30T06:23:34+00:00\",\"breadcrumb\":{\"@id\":\"https:\\\/\\\/atelieruldecraft.ro\\\/?product=glob-craciun-fericit-om-zapada#breadcrumb\"},\"inLanguage\":\"ro-RO\",\"potentialAction\":[{\"@type\":\"ReadAction\",\"target\":[\"https:\\\/\\\/atelieruldecraft.ro\\\/?product=glob-craciun-fericit-om-zapada\"]}]},{\"@type\":\"ImageObject\",\"inLanguage\":\"ro-RO\",\"@id\":\"https:\\\/\\\/atelieruldecraft.ro\\\/?product=glob-craciun-fericit-om-zapada#primaryimage\",\"url\":\"https:\\\/\\\/atelieruldecraft.ro\\\/wp-content\\\/uploads\\\/2025\\\/09\\\/glob_om_zapada_text.jpg\",\"contentUrl\":\"https:\\\/\\\/atelieruldecraft.ro\\\/wp-content\\\/uploads\\\/2025\\\/09\\\/glob_om_zapada_text.jpg\",\"width\":1875,\"height\":1875,\"caption\":\"Glob \\\"Craciun Fericit\\\" om zapada\"},{\"@type\":\"BreadcrumbList\",\"@id\":\"https:\\\/\\\/atelieruldecraft.ro\\\/?product=glob-craciun-fericit-om-zapada#breadcrumb\",\"itemListElement\":[{\"@type\":\"ListItem\",\"position\":1,\"name\":\"Home\",\"item\":\"https:\\\/\\\/atelieruldecraft.ro\\\/\"},{\"@type\":\"ListItem\",\"position\":2,\"name\":\"Shop\",\"item\":\"https:\\\/\\\/atelieruldecraft.ro\\\/?page_id=6\"},{\"@type\":\"ListItem\",\"position\":3,\"name\":\"Glob &#8222;Craciun Fericit&#8221; om zapada\"}]},{\"@type\":\"WebSite\",\"@id\":\"https:\\\/\\\/atelieruldecraft.ro\\\/#website\",\"url\":\"https:\\\/\\\/atelieruldecraft.ro\\\/\",\"name\":\"Atelierul de Craft\",\"description\":\"craft with love, made from heart\",\"publisher\":{\"@id\":\"https:\\\/\\\/atelieruldecraft.ro\\\/#organization\"},\"potentialAction\":[{\"@type\":\"SearchAction\",\"target\":{\"@type\":\"EntryPoint\",\"urlTemplate\":\"https:\\\/\\\/atelieruldecraft.ro\\\/?s={search_term_string}\"},\"query-input\":{\"@type\":\"PropertyValueSpecification\",\"valueRequired\":true,\"valueName\":\"search_term_string\"}}],\"inLanguage\":\"ro-RO\"},{\"@type\":\"Organization\",\"@id\":\"https:\\\/\\\/atelieruldecraft.ro\\\/#organization\",\"name\":\"Atelierul de Craft\",\"url\":\"https:\\\/\\\/atelieruldecraft.ro\\\/\",\"logo\":{\"@type\":\"ImageObject\",\"inLanguage\":\"ro-RO\",\"@id\":\"https:\\\/\\\/atelieruldecraft.ro\\\/#\\\/schema\\\/logo\\\/image\\\/\",\"url\":\"https:\\\/\\\/atelieruldecraft.ro\\\/wp-content\\\/uploads\\\/2025\\\/03\\\/proba_logo_website.png\",\"contentUrl\":\"https:\\\/\\\/atelieruldecraft.ro\\\/wp-content\\\/uploads\\\/2025\\\/03\\\/proba_logo_website.png\",\"width\":1065,\"height\":197,\"caption\":\"Atelierul de Craft\"},\"image\":{\"@id\":\"https:\\\/\\\/atelieruldecraft.ro\\\/#\\\/schema\\\/logo\\\/image\\\/\"},\"sameAs\":[\"https:\\\/\\\/www.facebook.com\\\/profile.php?id=61572208782174\"]}]}<\/script>\n<!-- \/ Yoast SEO plugin. -->","yoast_head_json":{"title":"Glob \"Craciun Fericit\" om zapada -","robots":{"index":"index","follow":"follow","max-snippet":"max-snippet:-1","max-image-preview":"max-image-preview:large","max-video-preview":"max-video-preview:-1"},"canonical":"https:\/\/atelieruldecraft.ro\/?product=glob-craciun-fericit-om-zapada","og_locale":"ro_RO","og_type":"article","og_title":"Glob \"Craciun Fericit\" om zapada -","og_description":"Glob \"Craciun Fericit\" om zapada. O decora\u021biune clasic\u0103 \u0219i plin\u0103 de farmec, perfect\u0103 pentru a aduce spiritul s\u0103rb\u0103torilor \u00een casa ta. Globul este realizat din lemn natural (placaj de 3 mm grosime) \u0219i are un diametru de 8,8 cm, fiind u\u0219or, durabil \u0219i ideal pentru orice brad de Cr\u0103ciun. Acest glob aduce un strop de magie \u0219i tradi\u021bie, fiind potrivit at\u00e2t pentru decorarea bradului, c\u00e2t \u0219i pentru a fi oferit cadou celor dragi.","og_url":"https:\/\/atelieruldecraft.ro\/?product=glob-craciun-fericit-om-zapada","article_publisher":"https:\/\/www.facebook.com\/profile.php?id=61572208782174","og_image":[{"width":1875,"height":1875,"url":"https:\/\/atelieruldecraft.ro\/wp-content\/uploads\/2025\/09\/glob_om_zapada_text.jpg","type":"image\/jpeg"}],"twitter_card":"summary_large_image","schema":{"@context":"https:\/\/schema.org","@graph":[{"@type":"WebPage","@id":"https:\/\/atelieruldecraft.ro\/?product=glob-craciun-fericit-om-zapada","url":"https:\/\/atelieruldecraft.ro\/?product=glob-craciun-fericit-om-zapada","name":"Glob \"Craciun Fericit\" om zapada -","isPartOf":{"@id":"https:\/\/atelieruldecraft.ro\/#website"},"primaryImageOfPage":{"@id":"https:\/\/atelieruldecraft.ro\/?product=glob-craciun-fericit-om-zapada#primaryimage"},"image":{"@id":"https:\/\/atelieruldecraft.ro\/?product=glob-craciun-fericit-om-zapada#primaryimage"},"thumbnailUrl":"https:\/\/atelieruldecraft.ro\/wp-content\/uploads\/2025\/09\/glob_om_zapada_text.jpg","datePublished":"2025-09-30T06:23:34+00:00","breadcrumb":{"@id":"https:\/\/atelieruldecraft.ro\/?product=glob-craciun-fericit-om-zapada#breadcrumb"},"inLanguage":"ro-RO","potentialAction":[{"@type":"ReadAction","target":["https:\/\/atelieruldecraft.ro\/?product=glob-craciun-fericit-om-zapada"]}]},{"@type":"ImageObject","inLanguage":"ro-RO","@id":"https:\/\/atelieruldecraft.ro\/?product=glob-craciun-fericit-om-zapada#primaryimage","url":"https:\/\/atelieruldecraft.ro\/wp-content\/uploads\/2025\/09\/glob_om_zapada_text.jpg","contentUrl":"https:\/\/atelieruldecraft.ro\/wp-content\/uploads\/2025\/09\/glob_om_zapada_text.jpg","width":1875,"height":1875,"caption":"Glob \"Craciun Fericit\" om zapada"},{"@type":"BreadcrumbList","@id":"https:\/\/atelieruldecraft.ro\/?product=glob-craciun-fericit-om-zapada#breadcrumb","itemListElement":[{"@type":"ListItem","position":1,"name":"Home","item":"https:\/\/atelieruldecraft.ro\/"},{"@type":"ListItem","position":2,"name":"Shop","item":"https:\/\/atelieruldecraft.ro\/?page_id=6"},{"@type":"ListItem","position":3,"name":"Glob &#8222;Craciun Fericit&#8221; om zapada"}]},{"@type":"WebSite","@id":"https:\/\/atelieruldecraft.ro\/#website","url":"https:\/\/atelieruldecraft.ro\/","name":"Atelierul de Craft","description":"craft with love, made from heart","publisher":{"@id":"https:\/\/atelieruldecraft.ro\/#organization"},"potentialAction":[{"@type":"SearchAction","target":{"@type":"EntryPoint","urlTemplate":"https:\/\/atelieruldecraft.ro\/?s={search_term_string}"},"query-input":{"@type":"PropertyValueSpecification","valueRequired":true,"valueName":"search_term_string"}}],"inLanguage":"ro-RO"},{"@type":"Organization","@id":"https:\/\/atelieruldecraft.ro\/#organization","name":"Atelierul de Craft","url":"https:\/\/atelieruldecraft.ro\/","logo":{"@type":"ImageObject","inLanguage":"ro-RO","@id":"https:\/\/atelieruldecraft.ro\/#\/schema\/logo\/image\/","url":"https:\/\/atelieruldecraft.ro\/wp-content\/uploads\/2025\/03\/proba_logo_website.png","contentUrl":"https:\/\/atelieruldecraft.ro\/wp-content\/uploads\/2025\/03\/proba_logo_website.png","width":1065,"height":197,"caption":"Atelierul de Craft"},"image":{"@id":"https:\/\/atelieruldecraft.ro\/#\/schema\/logo\/image\/"},"sameAs":["https:\/\/www.facebook.com\/profile.php?id=61572208782174"]}]}},"_links":{"self":[{"href":"https:\/\/atelieruldecraft.ro\/index.php?rest_route=\/wp\/v2\/product\/484","targetHints":{"allow":["GET"]}}],"collection":[{"href":"https:\/\/atelieruldecraft.ro\/index.php?rest_route=\/wp\/v2\/product"}],"about":[{"href":"https:\/\/atelieruldecraft.ro\/index.php?rest_route=\/wp\/v2\/types\/product"}],"replies":[{"embeddable":true,"href":"https:\/\/atelieruldecraft.ro\/index.php?rest_route=%2Fwp%2Fv2%2Fcomments&post=484"}],"wp:featuredmedia":[{"embeddable":true,"href":"https:\/\/atelieruldecraft.ro\/index.php?rest_route=\/wp\/v2\/media\/477"}],"wp:attachment":[{"href":"https:\/\/atelieruldecraft.ro\/index.php?rest_route=%2Fwp%2Fv2%2Fmedia&parent=484"}],"wp:term":[{"taxonomy":"product_brand","embeddable":true,"href":"https:\/\/atelieruldecraft.ro\/index.php?rest_route=%2Fwp%2Fv2%2Fproduct_brand&post=484"},{"taxonomy":"product_cat","embeddable":true,"href":"https:\/\/atelieruldecraft.ro\/index.php?rest_route=%2Fwp%2Fv2%2Fproduct_cat&post=484"},{"taxonomy":"product_tag","embeddable":true,"href":"https:\/\/atelieruldecraft.ro\/index.php?rest_route=%2Fwp%2Fv2%2Fproduct_tag&post=484"}],"curies":[{"name":"wp","href":"https:\/\/api.w.org\/{rel}","templated":true}]}}