{"id":483,"date":"2025-09-30T06:07:25","date_gmt":"2025-09-30T06:07:25","guid":{"rendered":"https:\/\/atelieruldecraft.ro\/?post_type=product&#038;p=483"},"modified":"2025-09-30T06:07:25","modified_gmt":"2025-09-30T06:07:25","slug":"glob-primul-craciun-baiat","status":"publish","type":"product","link":"https:\/\/atelieruldecraft.ro\/?product=glob-primul-craciun-baiat","title":{"rendered":"Glob primul Craciun baiat"},"content":{"rendered":"<p>Glob primul Craciun baiat. Un ornament unic \u0219i emo\u021bionant, creat special pentru a marca <strong data-start=\"197\" data-end=\"234\">primul Cr\u0103ciun al b\u0103ie\u021belului t\u0103u<\/strong>. Realizat din lemn natural (placaj de 3 mm grosime), globul are un diametru de <strong data-start=\"314\" data-end=\"324\">8,8 cm<\/strong>, fiind u\u0219or, rezistent \u0219i potrivit pentru orice brad de Cr\u0103ciun. Acest glob nu este doar o simpl\u0103 decora\u021biune, ci o <strong data-start=\"689\" data-end=\"711\">amintire pre\u021bioas\u0103<\/strong> pe care o vei p\u0103stra cu drag peste ani. Poate fi \u0219i un cadou minunat pentru proaspe\u021bi p\u0103rin\u021bi sau pentru botez \u00een preajma s\u0103rb\u0103torilor.<\/p>\n","protected":false},"excerpt":{"rendered":"<p>Glob primul Craciun baiat. Un ornament unic \u0219i emo\u021bionant, creat special pentru a marca <strong data-start=\"197\" data-end=\"234\">primul Cr\u0103ciun al b\u0103ie\u021belului t\u0103u<\/strong>. Realizat din lemn natural (placaj de 3 mm grosime), globul are un diametru de <strong data-start=\"314\" data-end=\"324\">8,8 cm<\/strong>, fiind u\u0219or, rezistent \u0219i potrivit pentru orice brad de Cr\u0103ciun. Acest glob nu este doar o simpl\u0103 decora\u021biune, ci o <strong data-start=\"689\" data-end=\"711\">amintire pre\u021bioas\u0103<\/strong> pe care o vei p\u0103stra cu drag peste ani. Poate fi \u0219i un cadou minunat pentru proaspe\u021bi p\u0103rin\u021bi sau pentru botez \u00een preajma s\u0103rb\u0103torilor.<\/p>\n","protected":false},"featured_media":479,"comment_status":"open","ping_status":"closed","template":"","meta":{"_monsterinsights_skip_tracking":false,"_monsterinsights_sitenote_active":false,"_monsterinsights_sitenote_note":"","_monsterinsights_sitenote_category":0},"product_brand":[],"product_cat":[18],"product_tag":[119,113,118,121,122,112,117,120],"class_list":{"0":"post-483","1":"product","2":"type-product","3":"status-publish","4":"has-post-thumbnail","6":"product_cat-cadouri","7":"product_tag-baiat-primul-meu-craciun","8":"product_tag-craciun","9":"product_tag-glob-decor","10":"product_tag-glob-decor-bbelus","11":"product_tag-glob-decor-bebelus","12":"product_tag-glob-lemn","13":"product_tag-glob-primul-meu-craciun","14":"product_tag-primul-craciun-glob","15":"latest_post","17":"first","18":"instock","19":"shipping-taxable","20":"purchasable","21":"product-type-simple"},"yoast_head":"<!-- This site is optimized with the Yoast SEO plugin v27.3 - https:\/\/yoast.com\/product\/yoast-seo-wordpress\/ -->\n<title>Glob primul Craciun baiat -<\/title>\n<meta name=\"robots\" content=\"index, follow, max-snippet:-1, max-image-preview:large, max-video-preview:-1\" \/>\n<link rel=\"canonical\" href=\"https:\/\/atelieruldecraft.ro\/?product=glob-primul-craciun-baiat\" \/>\n<meta property=\"og:locale\" content=\"ro_RO\" \/>\n<meta property=\"og:type\" content=\"article\" \/>\n<meta property=\"og:title\" content=\"Glob primul Craciun baiat -\" \/>\n<meta property=\"og:description\" content=\"Glob primul Craciun baiat. Un ornament unic \u0219i emo\u021bionant, creat special pentru a marca primul Cr\u0103ciun al b\u0103ie\u021belului t\u0103u. Realizat din lemn natural (placaj de 3 mm grosime), globul are un diametru de 8,8 cm, fiind u\u0219or, rezistent \u0219i potrivit pentru orice brad de Cr\u0103ciun. Acest glob nu este doar o simpl\u0103 decora\u021biune, ci o amintire pre\u021bioas\u0103 pe care o vei p\u0103stra cu drag peste ani. Poate fi \u0219i un cadou minunat pentru proaspe\u021bi p\u0103rin\u021bi sau pentru botez \u00een preajma s\u0103rb\u0103torilor.\" \/>\n<meta property=\"og:url\" content=\"https:\/\/atelieruldecraft.ro\/?product=glob-primul-craciun-baiat\" \/>\n<meta property=\"article:publisher\" content=\"https:\/\/www.facebook.com\/profile.php?id=61572208782174\" \/>\n<meta property=\"og:image\" content=\"https:\/\/atelieruldecraft.ro\/wp-content\/uploads\/2025\/09\/glob_nume_baiat.jpg\" \/>\n\t<meta property=\"og:image:width\" content=\"1875\" \/>\n\t<meta property=\"og:image:height\" content=\"1875\" \/>\n\t<meta property=\"og:image:type\" content=\"image\/jpeg\" \/>\n<meta name=\"twitter:card\" content=\"summary_large_image\" \/>\n<script type=\"application\/ld+json\" class=\"yoast-schema-graph\">{\"@context\":\"https:\\\/\\\/schema.org\",\"@graph\":[{\"@type\":\"WebPage\",\"@id\":\"https:\\\/\\\/atelieruldecraft.ro\\\/?product=glob-primul-craciun-baiat\",\"url\":\"https:\\\/\\\/atelieruldecraft.ro\\\/?product=glob-primul-craciun-baiat\",\"name\":\"Glob primul Craciun baiat -\",\"isPartOf\":{\"@id\":\"https:\\\/\\\/atelieruldecraft.ro\\\/#website\"},\"primaryImageOfPage\":{\"@id\":\"https:\\\/\\\/atelieruldecraft.ro\\\/?product=glob-primul-craciun-baiat#primaryimage\"},\"image\":{\"@id\":\"https:\\\/\\\/atelieruldecraft.ro\\\/?product=glob-primul-craciun-baiat#primaryimage\"},\"thumbnailUrl\":\"https:\\\/\\\/atelieruldecraft.ro\\\/wp-content\\\/uploads\\\/2025\\\/09\\\/glob_nume_baiat.jpg\",\"datePublished\":\"2025-09-30T06:07:25+00:00\",\"breadcrumb\":{\"@id\":\"https:\\\/\\\/atelieruldecraft.ro\\\/?product=glob-primul-craciun-baiat#breadcrumb\"},\"inLanguage\":\"ro-RO\",\"potentialAction\":[{\"@type\":\"ReadAction\",\"target\":[\"https:\\\/\\\/atelieruldecraft.ro\\\/?product=glob-primul-craciun-baiat\"]}]},{\"@type\":\"ImageObject\",\"inLanguage\":\"ro-RO\",\"@id\":\"https:\\\/\\\/atelieruldecraft.ro\\\/?product=glob-primul-craciun-baiat#primaryimage\",\"url\":\"https:\\\/\\\/atelieruldecraft.ro\\\/wp-content\\\/uploads\\\/2025\\\/09\\\/glob_nume_baiat.jpg\",\"contentUrl\":\"https:\\\/\\\/atelieruldecraft.ro\\\/wp-content\\\/uploads\\\/2025\\\/09\\\/glob_nume_baiat.jpg\",\"width\":1875,\"height\":1875,\"caption\":\"Glob_primul_craciun_baiat\"},{\"@type\":\"BreadcrumbList\",\"@id\":\"https:\\\/\\\/atelieruldecraft.ro\\\/?product=glob-primul-craciun-baiat#breadcrumb\",\"itemListElement\":[{\"@type\":\"ListItem\",\"position\":1,\"name\":\"Home\",\"item\":\"https:\\\/\\\/atelieruldecraft.ro\\\/\"},{\"@type\":\"ListItem\",\"position\":2,\"name\":\"Shop\",\"item\":\"https:\\\/\\\/atelieruldecraft.ro\\\/?page_id=6\"},{\"@type\":\"ListItem\",\"position\":3,\"name\":\"Glob primul Craciun baiat\"}]},{\"@type\":\"WebSite\",\"@id\":\"https:\\\/\\\/atelieruldecraft.ro\\\/#website\",\"url\":\"https:\\\/\\\/atelieruldecraft.ro\\\/\",\"name\":\"Atelierul de Craft\",\"description\":\"craft with love, made from heart\",\"publisher\":{\"@id\":\"https:\\\/\\\/atelieruldecraft.ro\\\/#organization\"},\"potentialAction\":[{\"@type\":\"SearchAction\",\"target\":{\"@type\":\"EntryPoint\",\"urlTemplate\":\"https:\\\/\\\/atelieruldecraft.ro\\\/?s={search_term_string}\"},\"query-input\":{\"@type\":\"PropertyValueSpecification\",\"valueRequired\":true,\"valueName\":\"search_term_string\"}}],\"inLanguage\":\"ro-RO\"},{\"@type\":\"Organization\",\"@id\":\"https:\\\/\\\/atelieruldecraft.ro\\\/#organization\",\"name\":\"Atelierul de Craft\",\"url\":\"https:\\\/\\\/atelieruldecraft.ro\\\/\",\"logo\":{\"@type\":\"ImageObject\",\"inLanguage\":\"ro-RO\",\"@id\":\"https:\\\/\\\/atelieruldecraft.ro\\\/#\\\/schema\\\/logo\\\/image\\\/\",\"url\":\"https:\\\/\\\/atelieruldecraft.ro\\\/wp-content\\\/uploads\\\/2025\\\/03\\\/proba_logo_website.png\",\"contentUrl\":\"https:\\\/\\\/atelieruldecraft.ro\\\/wp-content\\\/uploads\\\/2025\\\/03\\\/proba_logo_website.png\",\"width\":1065,\"height\":197,\"caption\":\"Atelierul de Craft\"},\"image\":{\"@id\":\"https:\\\/\\\/atelieruldecraft.ro\\\/#\\\/schema\\\/logo\\\/image\\\/\"},\"sameAs\":[\"https:\\\/\\\/www.facebook.com\\\/profile.php?id=61572208782174\"]}]}<\/script>\n<!-- \/ Yoast SEO plugin. -->","yoast_head_json":{"title":"Glob primul Craciun baiat -","robots":{"index":"index","follow":"follow","max-snippet":"max-snippet:-1","max-image-preview":"max-image-preview:large","max-video-preview":"max-video-preview:-1"},"canonical":"https:\/\/atelieruldecraft.ro\/?product=glob-primul-craciun-baiat","og_locale":"ro_RO","og_type":"article","og_title":"Glob primul Craciun baiat -","og_description":"Glob primul Craciun baiat. Un ornament unic \u0219i emo\u021bionant, creat special pentru a marca primul Cr\u0103ciun al b\u0103ie\u021belului t\u0103u. Realizat din lemn natural (placaj de 3 mm grosime), globul are un diametru de 8,8 cm, fiind u\u0219or, rezistent \u0219i potrivit pentru orice brad de Cr\u0103ciun. Acest glob nu este doar o simpl\u0103 decora\u021biune, ci o amintire pre\u021bioas\u0103 pe care o vei p\u0103stra cu drag peste ani. Poate fi \u0219i un cadou minunat pentru proaspe\u021bi p\u0103rin\u021bi sau pentru botez \u00een preajma s\u0103rb\u0103torilor.","og_url":"https:\/\/atelieruldecraft.ro\/?product=glob-primul-craciun-baiat","article_publisher":"https:\/\/www.facebook.com\/profile.php?id=61572208782174","og_image":[{"width":1875,"height":1875,"url":"https:\/\/atelieruldecraft.ro\/wp-content\/uploads\/2025\/09\/glob_nume_baiat.jpg","type":"image\/jpeg"}],"twitter_card":"summary_large_image","schema":{"@context":"https:\/\/schema.org","@graph":[{"@type":"WebPage","@id":"https:\/\/atelieruldecraft.ro\/?product=glob-primul-craciun-baiat","url":"https:\/\/atelieruldecraft.ro\/?product=glob-primul-craciun-baiat","name":"Glob primul Craciun baiat -","isPartOf":{"@id":"https:\/\/atelieruldecraft.ro\/#website"},"primaryImageOfPage":{"@id":"https:\/\/atelieruldecraft.ro\/?product=glob-primul-craciun-baiat#primaryimage"},"image":{"@id":"https:\/\/atelieruldecraft.ro\/?product=glob-primul-craciun-baiat#primaryimage"},"thumbnailUrl":"https:\/\/atelieruldecraft.ro\/wp-content\/uploads\/2025\/09\/glob_nume_baiat.jpg","datePublished":"2025-09-30T06:07:25+00:00","breadcrumb":{"@id":"https:\/\/atelieruldecraft.ro\/?product=glob-primul-craciun-baiat#breadcrumb"},"inLanguage":"ro-RO","potentialAction":[{"@type":"ReadAction","target":["https:\/\/atelieruldecraft.ro\/?product=glob-primul-craciun-baiat"]}]},{"@type":"ImageObject","inLanguage":"ro-RO","@id":"https:\/\/atelieruldecraft.ro\/?product=glob-primul-craciun-baiat#primaryimage","url":"https:\/\/atelieruldecraft.ro\/wp-content\/uploads\/2025\/09\/glob_nume_baiat.jpg","contentUrl":"https:\/\/atelieruldecraft.ro\/wp-content\/uploads\/2025\/09\/glob_nume_baiat.jpg","width":1875,"height":1875,"caption":"Glob_primul_craciun_baiat"},{"@type":"BreadcrumbList","@id":"https:\/\/atelieruldecraft.ro\/?product=glob-primul-craciun-baiat#breadcrumb","itemListElement":[{"@type":"ListItem","position":1,"name":"Home","item":"https:\/\/atelieruldecraft.ro\/"},{"@type":"ListItem","position":2,"name":"Shop","item":"https:\/\/atelieruldecraft.ro\/?page_id=6"},{"@type":"ListItem","position":3,"name":"Glob primul Craciun baiat"}]},{"@type":"WebSite","@id":"https:\/\/atelieruldecraft.ro\/#website","url":"https:\/\/atelieruldecraft.ro\/","name":"Atelierul de Craft","description":"craft with love, made from heart","publisher":{"@id":"https:\/\/atelieruldecraft.ro\/#organization"},"potentialAction":[{"@type":"SearchAction","target":{"@type":"EntryPoint","urlTemplate":"https:\/\/atelieruldecraft.ro\/?s={search_term_string}"},"query-input":{"@type":"PropertyValueSpecification","valueRequired":true,"valueName":"search_term_string"}}],"inLanguage":"ro-RO"},{"@type":"Organization","@id":"https:\/\/atelieruldecraft.ro\/#organization","name":"Atelierul de Craft","url":"https:\/\/atelieruldecraft.ro\/","logo":{"@type":"ImageObject","inLanguage":"ro-RO","@id":"https:\/\/atelieruldecraft.ro\/#\/schema\/logo\/image\/","url":"https:\/\/atelieruldecraft.ro\/wp-content\/uploads\/2025\/03\/proba_logo_website.png","contentUrl":"https:\/\/atelieruldecraft.ro\/wp-content\/uploads\/2025\/03\/proba_logo_website.png","width":1065,"height":197,"caption":"Atelierul de Craft"},"image":{"@id":"https:\/\/atelieruldecraft.ro\/#\/schema\/logo\/image\/"},"sameAs":["https:\/\/www.facebook.com\/profile.php?id=61572208782174"]}]}},"_links":{"self":[{"href":"https:\/\/atelieruldecraft.ro\/index.php?rest_route=\/wp\/v2\/product\/483","targetHints":{"allow":["GET"]}}],"collection":[{"href":"https:\/\/atelieruldecraft.ro\/index.php?rest_route=\/wp\/v2\/product"}],"about":[{"href":"https:\/\/atelieruldecraft.ro\/index.php?rest_route=\/wp\/v2\/types\/product"}],"replies":[{"embeddable":true,"href":"https:\/\/atelieruldecraft.ro\/index.php?rest_route=%2Fwp%2Fv2%2Fcomments&post=483"}],"wp:featuredmedia":[{"embeddable":true,"href":"https:\/\/atelieruldecraft.ro\/index.php?rest_route=\/wp\/v2\/media\/479"}],"wp:attachment":[{"href":"https:\/\/atelieruldecraft.ro\/index.php?rest_route=%2Fwp%2Fv2%2Fmedia&parent=483"}],"wp:term":[{"taxonomy":"product_brand","embeddable":true,"href":"https:\/\/atelieruldecraft.ro\/index.php?rest_route=%2Fwp%2Fv2%2Fproduct_brand&post=483"},{"taxonomy":"product_cat","embeddable":true,"href":"https:\/\/atelieruldecraft.ro\/index.php?rest_route=%2Fwp%2Fv2%2Fproduct_cat&post=483"},{"taxonomy":"product_tag","embeddable":true,"href":"https:\/\/atelieruldecraft.ro\/index.php?rest_route=%2Fwp%2Fv2%2Fproduct_tag&post=483"}],"curies":[{"name":"wp","href":"https:\/\/api.w.org\/{rel}","templated":true}]}}