{"id":382,"date":"2026-04-10T14:57:47","date_gmt":"2026-04-10T14:57:47","guid":{"rendered":"https:\/\/atelieruldecraft.ro\/?post_type=product&#038;p=382"},"modified":"2026-04-13T07:22:53","modified_gmt":"2026-04-13T07:22:53","slug":"rama-pentru-licheni-model-balon-cu-aer-cald","status":"publish","type":"product","link":"https:\/\/atelieruldecraft.ro\/?product=rama-pentru-licheni-model-balon-cu-aer-cald","title":{"rendered":"Rama pentru licheni model \u201cbalon cu aer cald\u201d"},"content":{"rendered":"<p class=\"\" data-start=\"111\" data-end=\"399\"><strong data-start=\"111\" data-end=\"175\">Rama decorativ\u0103 pentru licheni \u00een form\u0103 de balon cu aer cald<\/strong> aduce un plus de originalitate \u0219i prospe\u021bime oric\u0103rui spa\u021biu. Realizat\u0103 din materiale de calitate, aceast\u0103 ram\u0103 este conceput\u0103 special pentru a g\u0103zdui licheni stabiliza\u021bi, cre\u00e2nd un decor natural, viu \u0219i u\u0219or de \u00eentre\u021binut.<\/p>\n<p class=\"\" data-start=\"401\" data-end=\"646\">Forma juc\u0103u\u0219\u0103 de balon cu aer cald transform\u0103 peretele \u00eentr-un col\u021b creativ, ideal pentru camere de copii, birouri sau livinguri moderne. Este o alegere excelent\u0103 pentru cei care doresc s\u0103 aduc\u0103 natura \u00een interior \u00eentr-un mod artistic \u0219i inedit.<\/p>\n<p data-start=\"401\" data-end=\"646\">Marime: 35 cm x 25.5 cm, placaj 4mm grosime<\/p>\n","protected":false},"excerpt":{"rendered":"<p>Rama pentru licheni model \u201cbalon cu aer cald\u201d<\/p>\n","protected":false},"featured_media":383,"comment_status":"open","ping_status":"closed","template":"","meta":{"_monsterinsights_skip_tracking":false,"_monsterinsights_sitenote_active":false,"_monsterinsights_sitenote_note":"","_monsterinsights_sitenote_category":0},"product_brand":[],"product_cat":[21],"product_tag":[82,79,73,80,81],"class_list":{"0":"post-382","1":"product","2":"type-product","3":"status-publish","4":"has-post-thumbnail","6":"product_cat-pentru-licheni","7":"product_tag-blank-licheni","8":"product_tag-licheni","9":"product_tag-noutati","10":"product_tag-rama","11":"product_tag-rama-licheni","12":"latest_post","14":"first","15":"instock","16":"shipping-taxable","17":"purchasable","18":"product-type-simple"},"yoast_head":"<!-- This site is optimized with the Yoast SEO plugin v27.3 - https:\/\/yoast.com\/product\/yoast-seo-wordpress\/ -->\n<title>Rama pentru licheni model \u201cbalon cu aer cald\u201d -<\/title>\n<meta name=\"robots\" content=\"index, follow, max-snippet:-1, max-image-preview:large, max-video-preview:-1\" \/>\n<link rel=\"canonical\" href=\"https:\/\/atelieruldecraft.ro\/?product=rama-pentru-licheni-model-balon-cu-aer-cald\" \/>\n<meta property=\"og:locale\" content=\"ro_RO\" \/>\n<meta property=\"og:type\" content=\"article\" \/>\n<meta property=\"og:title\" content=\"Rama pentru licheni model \u201cbalon cu aer cald\u201d -\" \/>\n<meta property=\"og:description\" content=\"Rama pentru licheni model \u201cbalon cu aer cald\u201d\" \/>\n<meta property=\"og:url\" content=\"https:\/\/atelieruldecraft.ro\/?product=rama-pentru-licheni-model-balon-cu-aer-cald\" \/>\n<meta property=\"article:publisher\" content=\"https:\/\/www.facebook.com\/profile.php?id=61572208782174\" \/>\n<meta property=\"article:modified_time\" content=\"2026-04-13T07:22:53+00:00\" \/>\n<meta property=\"og:image\" content=\"https:\/\/atelieruldecraft.ro\/wp-content\/uploads\/2025\/04\/1.png\" \/>\n\t<meta property=\"og:image:width\" content=\"800\" \/>\n\t<meta property=\"og:image:height\" content=\"800\" \/>\n\t<meta property=\"og:image:type\" content=\"image\/png\" \/>\n<meta name=\"twitter:card\" content=\"summary_large_image\" \/>\n<script type=\"application\/ld+json\" class=\"yoast-schema-graph\">{\"@context\":\"https:\\\/\\\/schema.org\",\"@graph\":[{\"@type\":\"WebPage\",\"@id\":\"https:\\\/\\\/atelieruldecraft.ro\\\/?product=rama-pentru-licheni-model-balon-cu-aer-cald\",\"url\":\"https:\\\/\\\/atelieruldecraft.ro\\\/?product=rama-pentru-licheni-model-balon-cu-aer-cald\",\"name\":\"Rama pentru licheni model \u201cbalon cu aer cald\u201d -\",\"isPartOf\":{\"@id\":\"https:\\\/\\\/atelieruldecraft.ro\\\/#website\"},\"primaryImageOfPage\":{\"@id\":\"https:\\\/\\\/atelieruldecraft.ro\\\/?product=rama-pentru-licheni-model-balon-cu-aer-cald#primaryimage\"},\"image\":{\"@id\":\"https:\\\/\\\/atelieruldecraft.ro\\\/?product=rama-pentru-licheni-model-balon-cu-aer-cald#primaryimage\"},\"thumbnailUrl\":\"https:\\\/\\\/atelieruldecraft.ro\\\/wp-content\\\/uploads\\\/2025\\\/04\\\/1.png\",\"datePublished\":\"2026-04-10T14:57:47+00:00\",\"dateModified\":\"2026-04-13T07:22:53+00:00\",\"breadcrumb\":{\"@id\":\"https:\\\/\\\/atelieruldecraft.ro\\\/?product=rama-pentru-licheni-model-balon-cu-aer-cald#breadcrumb\"},\"inLanguage\":\"ro-RO\",\"potentialAction\":[{\"@type\":\"ReadAction\",\"target\":[\"https:\\\/\\\/atelieruldecraft.ro\\\/?product=rama-pentru-licheni-model-balon-cu-aer-cald\"]}]},{\"@type\":\"ImageObject\",\"inLanguage\":\"ro-RO\",\"@id\":\"https:\\\/\\\/atelieruldecraft.ro\\\/?product=rama-pentru-licheni-model-balon-cu-aer-cald#primaryimage\",\"url\":\"https:\\\/\\\/atelieruldecraft.ro\\\/wp-content\\\/uploads\\\/2025\\\/04\\\/1.png\",\"contentUrl\":\"https:\\\/\\\/atelieruldecraft.ro\\\/wp-content\\\/uploads\\\/2025\\\/04\\\/1.png\",\"width\":800,\"height\":800,\"caption\":\"rama pentru licheni model \\\"balon cu aer cald\\\"\"},{\"@type\":\"BreadcrumbList\",\"@id\":\"https:\\\/\\\/atelieruldecraft.ro\\\/?product=rama-pentru-licheni-model-balon-cu-aer-cald#breadcrumb\",\"itemListElement\":[{\"@type\":\"ListItem\",\"position\":1,\"name\":\"Home\",\"item\":\"https:\\\/\\\/atelieruldecraft.ro\\\/\"},{\"@type\":\"ListItem\",\"position\":2,\"name\":\"Shop\",\"item\":\"https:\\\/\\\/atelieruldecraft.ro\\\/?page_id=6\"},{\"@type\":\"ListItem\",\"position\":3,\"name\":\"Rama pentru licheni model \u201cbalon cu aer cald\u201d\"}]},{\"@type\":\"WebSite\",\"@id\":\"https:\\\/\\\/atelieruldecraft.ro\\\/#website\",\"url\":\"https:\\\/\\\/atelieruldecraft.ro\\\/\",\"name\":\"Atelierul de Craft\",\"description\":\"craft with love, made from heart\",\"publisher\":{\"@id\":\"https:\\\/\\\/atelieruldecraft.ro\\\/#organization\"},\"potentialAction\":[{\"@type\":\"SearchAction\",\"target\":{\"@type\":\"EntryPoint\",\"urlTemplate\":\"https:\\\/\\\/atelieruldecraft.ro\\\/?s={search_term_string}\"},\"query-input\":{\"@type\":\"PropertyValueSpecification\",\"valueRequired\":true,\"valueName\":\"search_term_string\"}}],\"inLanguage\":\"ro-RO\"},{\"@type\":\"Organization\",\"@id\":\"https:\\\/\\\/atelieruldecraft.ro\\\/#organization\",\"name\":\"Atelierul de Craft\",\"url\":\"https:\\\/\\\/atelieruldecraft.ro\\\/\",\"logo\":{\"@type\":\"ImageObject\",\"inLanguage\":\"ro-RO\",\"@id\":\"https:\\\/\\\/atelieruldecraft.ro\\\/#\\\/schema\\\/logo\\\/image\\\/\",\"url\":\"https:\\\/\\\/atelieruldecraft.ro\\\/wp-content\\\/uploads\\\/2025\\\/03\\\/proba_logo_website.png\",\"contentUrl\":\"https:\\\/\\\/atelieruldecraft.ro\\\/wp-content\\\/uploads\\\/2025\\\/03\\\/proba_logo_website.png\",\"width\":1065,\"height\":197,\"caption\":\"Atelierul de Craft\"},\"image\":{\"@id\":\"https:\\\/\\\/atelieruldecraft.ro\\\/#\\\/schema\\\/logo\\\/image\\\/\"},\"sameAs\":[\"https:\\\/\\\/www.facebook.com\\\/profile.php?id=61572208782174\"]}]}<\/script>\n<!-- \/ Yoast SEO plugin. -->","yoast_head_json":{"title":"Rama pentru licheni model \u201cbalon cu aer cald\u201d -","robots":{"index":"index","follow":"follow","max-snippet":"max-snippet:-1","max-image-preview":"max-image-preview:large","max-video-preview":"max-video-preview:-1"},"canonical":"https:\/\/atelieruldecraft.ro\/?product=rama-pentru-licheni-model-balon-cu-aer-cald","og_locale":"ro_RO","og_type":"article","og_title":"Rama pentru licheni model \u201cbalon cu aer cald\u201d -","og_description":"Rama pentru licheni model \u201cbalon cu aer cald\u201d","og_url":"https:\/\/atelieruldecraft.ro\/?product=rama-pentru-licheni-model-balon-cu-aer-cald","article_publisher":"https:\/\/www.facebook.com\/profile.php?id=61572208782174","article_modified_time":"2026-04-13T07:22:53+00:00","og_image":[{"width":800,"height":800,"url":"https:\/\/atelieruldecraft.ro\/wp-content\/uploads\/2025\/04\/1.png","type":"image\/png"}],"twitter_card":"summary_large_image","schema":{"@context":"https:\/\/schema.org","@graph":[{"@type":"WebPage","@id":"https:\/\/atelieruldecraft.ro\/?product=rama-pentru-licheni-model-balon-cu-aer-cald","url":"https:\/\/atelieruldecraft.ro\/?product=rama-pentru-licheni-model-balon-cu-aer-cald","name":"Rama pentru licheni model \u201cbalon cu aer cald\u201d -","isPartOf":{"@id":"https:\/\/atelieruldecraft.ro\/#website"},"primaryImageOfPage":{"@id":"https:\/\/atelieruldecraft.ro\/?product=rama-pentru-licheni-model-balon-cu-aer-cald#primaryimage"},"image":{"@id":"https:\/\/atelieruldecraft.ro\/?product=rama-pentru-licheni-model-balon-cu-aer-cald#primaryimage"},"thumbnailUrl":"https:\/\/atelieruldecraft.ro\/wp-content\/uploads\/2025\/04\/1.png","datePublished":"2026-04-10T14:57:47+00:00","dateModified":"2026-04-13T07:22:53+00:00","breadcrumb":{"@id":"https:\/\/atelieruldecraft.ro\/?product=rama-pentru-licheni-model-balon-cu-aer-cald#breadcrumb"},"inLanguage":"ro-RO","potentialAction":[{"@type":"ReadAction","target":["https:\/\/atelieruldecraft.ro\/?product=rama-pentru-licheni-model-balon-cu-aer-cald"]}]},{"@type":"ImageObject","inLanguage":"ro-RO","@id":"https:\/\/atelieruldecraft.ro\/?product=rama-pentru-licheni-model-balon-cu-aer-cald#primaryimage","url":"https:\/\/atelieruldecraft.ro\/wp-content\/uploads\/2025\/04\/1.png","contentUrl":"https:\/\/atelieruldecraft.ro\/wp-content\/uploads\/2025\/04\/1.png","width":800,"height":800,"caption":"rama pentru licheni model \"balon cu aer cald\""},{"@type":"BreadcrumbList","@id":"https:\/\/atelieruldecraft.ro\/?product=rama-pentru-licheni-model-balon-cu-aer-cald#breadcrumb","itemListElement":[{"@type":"ListItem","position":1,"name":"Home","item":"https:\/\/atelieruldecraft.ro\/"},{"@type":"ListItem","position":2,"name":"Shop","item":"https:\/\/atelieruldecraft.ro\/?page_id=6"},{"@type":"ListItem","position":3,"name":"Rama pentru licheni model \u201cbalon cu aer cald\u201d"}]},{"@type":"WebSite","@id":"https:\/\/atelieruldecraft.ro\/#website","url":"https:\/\/atelieruldecraft.ro\/","name":"Atelierul de Craft","description":"craft with love, made from heart","publisher":{"@id":"https:\/\/atelieruldecraft.ro\/#organization"},"potentialAction":[{"@type":"SearchAction","target":{"@type":"EntryPoint","urlTemplate":"https:\/\/atelieruldecraft.ro\/?s={search_term_string}"},"query-input":{"@type":"PropertyValueSpecification","valueRequired":true,"valueName":"search_term_string"}}],"inLanguage":"ro-RO"},{"@type":"Organization","@id":"https:\/\/atelieruldecraft.ro\/#organization","name":"Atelierul de Craft","url":"https:\/\/atelieruldecraft.ro\/","logo":{"@type":"ImageObject","inLanguage":"ro-RO","@id":"https:\/\/atelieruldecraft.ro\/#\/schema\/logo\/image\/","url":"https:\/\/atelieruldecraft.ro\/wp-content\/uploads\/2025\/03\/proba_logo_website.png","contentUrl":"https:\/\/atelieruldecraft.ro\/wp-content\/uploads\/2025\/03\/proba_logo_website.png","width":1065,"height":197,"caption":"Atelierul de Craft"},"image":{"@id":"https:\/\/atelieruldecraft.ro\/#\/schema\/logo\/image\/"},"sameAs":["https:\/\/www.facebook.com\/profile.php?id=61572208782174"]}]}},"_links":{"self":[{"href":"https:\/\/atelieruldecraft.ro\/index.php?rest_route=\/wp\/v2\/product\/382","targetHints":{"allow":["GET"]}}],"collection":[{"href":"https:\/\/atelieruldecraft.ro\/index.php?rest_route=\/wp\/v2\/product"}],"about":[{"href":"https:\/\/atelieruldecraft.ro\/index.php?rest_route=\/wp\/v2\/types\/product"}],"replies":[{"embeddable":true,"href":"https:\/\/atelieruldecraft.ro\/index.php?rest_route=%2Fwp%2Fv2%2Fcomments&post=382"}],"wp:featuredmedia":[{"embeddable":true,"href":"https:\/\/atelieruldecraft.ro\/index.php?rest_route=\/wp\/v2\/media\/383"}],"wp:attachment":[{"href":"https:\/\/atelieruldecraft.ro\/index.php?rest_route=%2Fwp%2Fv2%2Fmedia&parent=382"}],"wp:term":[{"taxonomy":"product_brand","embeddable":true,"href":"https:\/\/atelieruldecraft.ro\/index.php?rest_route=%2Fwp%2Fv2%2Fproduct_brand&post=382"},{"taxonomy":"product_cat","embeddable":true,"href":"https:\/\/atelieruldecraft.ro\/index.php?rest_route=%2Fwp%2Fv2%2Fproduct_cat&post=382"},{"taxonomy":"product_tag","embeddable":true,"href":"https:\/\/atelieruldecraft.ro\/index.php?rest_route=%2Fwp%2Fv2%2Fproduct_tag&post=382"}],"curies":[{"name":"wp","href":"https:\/\/api.w.org\/{rel}","templated":true}]}}