{"id":378,"date":"2025-04-11T15:10:44","date_gmt":"2025-04-11T15:10:44","guid":{"rendered":"https:\/\/atelieruldecraft.ro\/?post_type=product&#038;p=378"},"modified":"2025-04-11T15:10:44","modified_gmt":"2025-04-11T15:10:44","slug":"stelute-10-buc-set","status":"publish","type":"product","link":"https:\/\/atelieruldecraft.ro\/?product=stelute-10-buc-set","title":{"rendered":"Stelute &#8211; 10 buc\/set"},"content":{"rendered":"<p>Stelute din placaj de 3mm grosime, marime 3 x 3 cm.<\/p>\n<p class=\"\" data-start=\"189\" data-end=\"559\">Aceste stelu\u021be din placaj sunt alegerea ideal\u0103 pentru cei care iubesc s\u0103 creeze lucruri unice \u0219i pline de farmec. Cu o dimensiune de 3 x 3 cm \u0219i un design simplu, dar versatil, stelu\u021bele sunt realizate din placaj de calitate, atent finisat, gata pentru a fi personalizate dup\u0103 bunul plac.<\/p>\n<p class=\"\" data-start=\"561\" data-end=\"816\">Fie c\u0103 le folose\u0219ti pentru decora\u021biuni de Cr\u0103ciun, proiecte DIY, felicit\u0103ri handmade, albume scrapbook, marturii pentru evenimente speciale sau aranjamente tematice, aceste mici accesorii aduc un plus de originalitate \u0219i elegan\u021b\u0103 oric\u0103rui concept creativ.<\/p>\n<p class=\"\" data-start=\"818\" data-end=\"1115\">Pot fi vopsite, l\u0103cuite, gravate sau decorate cu sclipici, tehnici mixed media, sau pot r\u0103m\u00e2ne \u00een forma lor natural\u0103 pentru un aspect rustic \u0219i autentic. U\u0219oare, rezistente \u0219i u\u0219or de aplicat pe diverse suprafe\u021be, stelu\u021bele din placaj sunt indispensabile \u00een colec\u021bia oric\u0103rui pasionat de handmade.<\/p>\n","protected":false},"excerpt":{"rendered":"<p>Stelute din placaj de 3mm grosime, marime 3 x 3 cm.<\/p>\n","protected":false},"featured_media":380,"comment_status":"open","ping_status":"closed","template":"","meta":{"_monsterinsights_skip_tracking":false,"_monsterinsights_sitenote_active":false,"_monsterinsights_sitenote_note":"","_monsterinsights_sitenote_category":0},"product_brand":[],"product_cat":[19],"product_tag":[],"class_list":{"0":"post-378","1":"product","2":"type-product","3":"status-publish","4":"has-post-thumbnail","6":"product_cat-figurine","7":"latest_post","9":"first","10":"instock","11":"shipping-taxable","12":"purchasable","13":"product-type-simple"},"yoast_head":"<!-- This site is optimized with the Yoast SEO plugin v27.3 - https:\/\/yoast.com\/product\/yoast-seo-wordpress\/ -->\n<title>Stelute - 10 buc\/set -<\/title>\n<meta name=\"robots\" content=\"index, follow, max-snippet:-1, max-image-preview:large, max-video-preview:-1\" \/>\n<link rel=\"canonical\" href=\"https:\/\/atelieruldecraft.ro\/?product=stelute-10-buc-set\" \/>\n<meta property=\"og:locale\" content=\"ro_RO\" \/>\n<meta property=\"og:type\" content=\"article\" \/>\n<meta property=\"og:title\" content=\"Stelute - 10 buc\/set -\" \/>\n<meta property=\"og:description\" content=\"Stelute din placaj de 3mm grosime, marime 3 x 3 cm.\" \/>\n<meta property=\"og:url\" content=\"https:\/\/atelieruldecraft.ro\/?product=stelute-10-buc-set\" \/>\n<meta property=\"article:publisher\" content=\"https:\/\/www.facebook.com\/profile.php?id=61572208782174\" \/>\n<meta property=\"og:image\" content=\"https:\/\/atelieruldecraft.ro\/wp-content\/uploads\/2025\/04\/2_1.png\" \/>\n\t<meta property=\"og:image:width\" content=\"800\" \/>\n\t<meta property=\"og:image:height\" content=\"800\" \/>\n\t<meta property=\"og:image:type\" content=\"image\/png\" \/>\n<meta name=\"twitter:card\" content=\"summary_large_image\" \/>\n<meta name=\"twitter:label1\" content=\"Timp estimat pentru citire\" \/>\n\t<meta name=\"twitter:data1\" content=\"1 minut\" \/>\n<script type=\"application\/ld+json\" class=\"yoast-schema-graph\">{\"@context\":\"https:\\\/\\\/schema.org\",\"@graph\":[{\"@type\":\"WebPage\",\"@id\":\"https:\\\/\\\/atelieruldecraft.ro\\\/?product=stelute-10-buc-set\",\"url\":\"https:\\\/\\\/atelieruldecraft.ro\\\/?product=stelute-10-buc-set\",\"name\":\"Stelute - 10 buc\\\/set -\",\"isPartOf\":{\"@id\":\"https:\\\/\\\/atelieruldecraft.ro\\\/#website\"},\"primaryImageOfPage\":{\"@id\":\"https:\\\/\\\/atelieruldecraft.ro\\\/?product=stelute-10-buc-set#primaryimage\"},\"image\":{\"@id\":\"https:\\\/\\\/atelieruldecraft.ro\\\/?product=stelute-10-buc-set#primaryimage\"},\"thumbnailUrl\":\"https:\\\/\\\/atelieruldecraft.ro\\\/wp-content\\\/uploads\\\/2025\\\/04\\\/2_1.png\",\"datePublished\":\"2025-04-11T15:10:44+00:00\",\"breadcrumb\":{\"@id\":\"https:\\\/\\\/atelieruldecraft.ro\\\/?product=stelute-10-buc-set#breadcrumb\"},\"inLanguage\":\"ro-RO\",\"potentialAction\":[{\"@type\":\"ReadAction\",\"target\":[\"https:\\\/\\\/atelieruldecraft.ro\\\/?product=stelute-10-buc-set\"]}]},{\"@type\":\"ImageObject\",\"inLanguage\":\"ro-RO\",\"@id\":\"https:\\\/\\\/atelieruldecraft.ro\\\/?product=stelute-10-buc-set#primaryimage\",\"url\":\"https:\\\/\\\/atelieruldecraft.ro\\\/wp-content\\\/uploads\\\/2025\\\/04\\\/2_1.png\",\"contentUrl\":\"https:\\\/\\\/atelieruldecraft.ro\\\/wp-content\\\/uploads\\\/2025\\\/04\\\/2_1.png\",\"width\":800,\"height\":800,\"caption\":\"stelute placaj\"},{\"@type\":\"BreadcrumbList\",\"@id\":\"https:\\\/\\\/atelieruldecraft.ro\\\/?product=stelute-10-buc-set#breadcrumb\",\"itemListElement\":[{\"@type\":\"ListItem\",\"position\":1,\"name\":\"Home\",\"item\":\"https:\\\/\\\/atelieruldecraft.ro\\\/\"},{\"@type\":\"ListItem\",\"position\":2,\"name\":\"Shop\",\"item\":\"https:\\\/\\\/atelieruldecraft.ro\\\/?page_id=6\"},{\"@type\":\"ListItem\",\"position\":3,\"name\":\"Stelute &#8211; 10 buc\\\/set\"}]},{\"@type\":\"WebSite\",\"@id\":\"https:\\\/\\\/atelieruldecraft.ro\\\/#website\",\"url\":\"https:\\\/\\\/atelieruldecraft.ro\\\/\",\"name\":\"Atelierul de Craft\",\"description\":\"craft with love, made from heart\",\"publisher\":{\"@id\":\"https:\\\/\\\/atelieruldecraft.ro\\\/#organization\"},\"potentialAction\":[{\"@type\":\"SearchAction\",\"target\":{\"@type\":\"EntryPoint\",\"urlTemplate\":\"https:\\\/\\\/atelieruldecraft.ro\\\/?s={search_term_string}\"},\"query-input\":{\"@type\":\"PropertyValueSpecification\",\"valueRequired\":true,\"valueName\":\"search_term_string\"}}],\"inLanguage\":\"ro-RO\"},{\"@type\":\"Organization\",\"@id\":\"https:\\\/\\\/atelieruldecraft.ro\\\/#organization\",\"name\":\"Atelierul de Craft\",\"url\":\"https:\\\/\\\/atelieruldecraft.ro\\\/\",\"logo\":{\"@type\":\"ImageObject\",\"inLanguage\":\"ro-RO\",\"@id\":\"https:\\\/\\\/atelieruldecraft.ro\\\/#\\\/schema\\\/logo\\\/image\\\/\",\"url\":\"https:\\\/\\\/atelieruldecraft.ro\\\/wp-content\\\/uploads\\\/2025\\\/03\\\/proba_logo_website.png\",\"contentUrl\":\"https:\\\/\\\/atelieruldecraft.ro\\\/wp-content\\\/uploads\\\/2025\\\/03\\\/proba_logo_website.png\",\"width\":1065,\"height\":197,\"caption\":\"Atelierul de Craft\"},\"image\":{\"@id\":\"https:\\\/\\\/atelieruldecraft.ro\\\/#\\\/schema\\\/logo\\\/image\\\/\"},\"sameAs\":[\"https:\\\/\\\/www.facebook.com\\\/profile.php?id=61572208782174\"]}]}<\/script>\n<!-- \/ Yoast SEO plugin. -->","yoast_head_json":{"title":"Stelute - 10 buc\/set -","robots":{"index":"index","follow":"follow","max-snippet":"max-snippet:-1","max-image-preview":"max-image-preview:large","max-video-preview":"max-video-preview:-1"},"canonical":"https:\/\/atelieruldecraft.ro\/?product=stelute-10-buc-set","og_locale":"ro_RO","og_type":"article","og_title":"Stelute - 10 buc\/set -","og_description":"Stelute din placaj de 3mm grosime, marime 3 x 3 cm.","og_url":"https:\/\/atelieruldecraft.ro\/?product=stelute-10-buc-set","article_publisher":"https:\/\/www.facebook.com\/profile.php?id=61572208782174","og_image":[{"width":800,"height":800,"url":"https:\/\/atelieruldecraft.ro\/wp-content\/uploads\/2025\/04\/2_1.png","type":"image\/png"}],"twitter_card":"summary_large_image","twitter_misc":{"Timp estimat pentru citire":"1 minut"},"schema":{"@context":"https:\/\/schema.org","@graph":[{"@type":"WebPage","@id":"https:\/\/atelieruldecraft.ro\/?product=stelute-10-buc-set","url":"https:\/\/atelieruldecraft.ro\/?product=stelute-10-buc-set","name":"Stelute - 10 buc\/set -","isPartOf":{"@id":"https:\/\/atelieruldecraft.ro\/#website"},"primaryImageOfPage":{"@id":"https:\/\/atelieruldecraft.ro\/?product=stelute-10-buc-set#primaryimage"},"image":{"@id":"https:\/\/atelieruldecraft.ro\/?product=stelute-10-buc-set#primaryimage"},"thumbnailUrl":"https:\/\/atelieruldecraft.ro\/wp-content\/uploads\/2025\/04\/2_1.png","datePublished":"2025-04-11T15:10:44+00:00","breadcrumb":{"@id":"https:\/\/atelieruldecraft.ro\/?product=stelute-10-buc-set#breadcrumb"},"inLanguage":"ro-RO","potentialAction":[{"@type":"ReadAction","target":["https:\/\/atelieruldecraft.ro\/?product=stelute-10-buc-set"]}]},{"@type":"ImageObject","inLanguage":"ro-RO","@id":"https:\/\/atelieruldecraft.ro\/?product=stelute-10-buc-set#primaryimage","url":"https:\/\/atelieruldecraft.ro\/wp-content\/uploads\/2025\/04\/2_1.png","contentUrl":"https:\/\/atelieruldecraft.ro\/wp-content\/uploads\/2025\/04\/2_1.png","width":800,"height":800,"caption":"stelute placaj"},{"@type":"BreadcrumbList","@id":"https:\/\/atelieruldecraft.ro\/?product=stelute-10-buc-set#breadcrumb","itemListElement":[{"@type":"ListItem","position":1,"name":"Home","item":"https:\/\/atelieruldecraft.ro\/"},{"@type":"ListItem","position":2,"name":"Shop","item":"https:\/\/atelieruldecraft.ro\/?page_id=6"},{"@type":"ListItem","position":3,"name":"Stelute &#8211; 10 buc\/set"}]},{"@type":"WebSite","@id":"https:\/\/atelieruldecraft.ro\/#website","url":"https:\/\/atelieruldecraft.ro\/","name":"Atelierul de Craft","description":"craft with love, made from heart","publisher":{"@id":"https:\/\/atelieruldecraft.ro\/#organization"},"potentialAction":[{"@type":"SearchAction","target":{"@type":"EntryPoint","urlTemplate":"https:\/\/atelieruldecraft.ro\/?s={search_term_string}"},"query-input":{"@type":"PropertyValueSpecification","valueRequired":true,"valueName":"search_term_string"}}],"inLanguage":"ro-RO"},{"@type":"Organization","@id":"https:\/\/atelieruldecraft.ro\/#organization","name":"Atelierul de Craft","url":"https:\/\/atelieruldecraft.ro\/","logo":{"@type":"ImageObject","inLanguage":"ro-RO","@id":"https:\/\/atelieruldecraft.ro\/#\/schema\/logo\/image\/","url":"https:\/\/atelieruldecraft.ro\/wp-content\/uploads\/2025\/03\/proba_logo_website.png","contentUrl":"https:\/\/atelieruldecraft.ro\/wp-content\/uploads\/2025\/03\/proba_logo_website.png","width":1065,"height":197,"caption":"Atelierul de Craft"},"image":{"@id":"https:\/\/atelieruldecraft.ro\/#\/schema\/logo\/image\/"},"sameAs":["https:\/\/www.facebook.com\/profile.php?id=61572208782174"]}]}},"_links":{"self":[{"href":"https:\/\/atelieruldecraft.ro\/index.php?rest_route=\/wp\/v2\/product\/378","targetHints":{"allow":["GET"]}}],"collection":[{"href":"https:\/\/atelieruldecraft.ro\/index.php?rest_route=\/wp\/v2\/product"}],"about":[{"href":"https:\/\/atelieruldecraft.ro\/index.php?rest_route=\/wp\/v2\/types\/product"}],"replies":[{"embeddable":true,"href":"https:\/\/atelieruldecraft.ro\/index.php?rest_route=%2Fwp%2Fv2%2Fcomments&post=378"}],"wp:featuredmedia":[{"embeddable":true,"href":"https:\/\/atelieruldecraft.ro\/index.php?rest_route=\/wp\/v2\/media\/380"}],"wp:attachment":[{"href":"https:\/\/atelieruldecraft.ro\/index.php?rest_route=%2Fwp%2Fv2%2Fmedia&parent=378"}],"wp:term":[{"taxonomy":"product_brand","embeddable":true,"href":"https:\/\/atelieruldecraft.ro\/index.php?rest_route=%2Fwp%2Fv2%2Fproduct_brand&post=378"},{"taxonomy":"product_cat","embeddable":true,"href":"https:\/\/atelieruldecraft.ro\/index.php?rest_route=%2Fwp%2Fv2%2Fproduct_cat&post=378"},{"taxonomy":"product_tag","embeddable":true,"href":"https:\/\/atelieruldecraft.ro\/index.php?rest_route=%2Fwp%2Fv2%2Fproduct_tag&post=378"}],"curies":[{"name":"wp","href":"https:\/\/api.w.org\/{rel}","templated":true}]}}