{"id":115,"date":"2025-03-25T18:10:27","date_gmt":"2025-03-25T18:10:27","guid":{"rendered":"https:\/\/atelieruldecraft.ro\/?post_type=product&#038;p=115"},"modified":"2025-09-30T14:58:00","modified_gmt":"2025-09-30T14:58:00","slug":"cutie-decorativa-pentru-aranjamente-de-absolvire","status":"publish","type":"product","link":"https:\/\/atelieruldecraft.ro\/?product=cutie-decorativa-pentru-aranjamente-de-absolvire","title":{"rendered":"Cutie aranjamente pentru absolvire"},"content":{"rendered":"<p class=\"\" data-start=\"81\" data-end=\"416\">Cutie decorativa pentru aranjamente de absolvire. Cu un design elegant \u0219i simboluri academice precum toca, aceast\u0103 cutie este alegerea perfect\u0103 pentru a pune \u00een valoare florile, accesoriile festive sau mesajele de felicitare dedicate promo\u021biei 2025. Ideal\u0103 ca dar de absolvire, aceast\u0103 cutie adaug\u0103 un plus de rafinament oric\u0103rui decor festiv, transform\u00e2nd orice aranjament \u00eentr-un cadou memorabil.<\/p>\n","protected":false},"excerpt":{"rendered":"<p>Cutie decorativa pentru aranjamente de absolvire. Cu un design elegant \u0219i simboluri academice precum toca, aceast\u0103 cutie este alegerea perfect\u0103 pentru a pune \u00een valoare florile, accesoriile festive sau mesajele de felicitare dedicate promo\u021biei 2025.<\/p>\n","protected":false},"featured_media":114,"comment_status":"open","ping_status":"closed","template":"","meta":{"_monsterinsights_skip_tracking":false,"_monsterinsights_sitenote_active":false,"_monsterinsights_sitenote_note":"","_monsterinsights_sitenote_category":0},"product_brand":[],"product_cat":[15],"product_tag":[47,48,40,46,43,41,42,44,45],"class_list":{"0":"post-115","1":"product","2":"type-product","3":"status-publish","4":"has-post-thumbnail","6":"product_cat-cutii-decoratiuni","7":"product_tag-absolvire-2025","8":"product_tag-cadou-absolvire-2025","9":"product_tag-cutie-aranjamente-absolvire","10":"product_tag-cutie-blank-absolvire","11":"product_tag-cutie-cadou-promotia-2025","12":"product_tag-cutie-decorativa-absolvire","13":"product_tag-cutie-lemn-absolvire","14":"product_tag-cutie-pentru-flori-absolvire","15":"product_tag-suport-aranjamente-absolvire","16":"latest_post","18":"first","19":"instock","20":"shipping-taxable","21":"purchasable","22":"product-type-simple"},"yoast_head":"<!-- This site is optimized with the Yoast SEO plugin v27.3 - https:\/\/yoast.com\/product\/yoast-seo-wordpress\/ -->\n<title>Cutie aranjamente pentru absolvire -<\/title>\n<meta name=\"description\" content=\"Cutie decorativa pentru aranjamente de absolvire, pentru a pune \u00een valoare florile, accesoriile festive sau mesajele de felicitare dedicate promo\u021biei 2025.\" \/>\n<meta name=\"robots\" content=\"index, follow, max-snippet:-1, max-image-preview:large, max-video-preview:-1\" \/>\n<link rel=\"canonical\" href=\"https:\/\/atelieruldecraft.ro\/?product=cutie-decorativa-pentru-aranjamente-de-absolvire\" \/>\n<meta property=\"og:locale\" content=\"ro_RO\" \/>\n<meta property=\"og:type\" content=\"article\" \/>\n<meta property=\"og:title\" content=\"Cutie aranjamente pentru absolvire -\" \/>\n<meta property=\"og:description\" content=\"Cutie decorativa pentru aranjamente de absolvire, pentru a pune \u00een valoare florile, accesoriile festive sau mesajele de felicitare dedicate promo\u021biei 2025.\" \/>\n<meta property=\"og:url\" content=\"https:\/\/atelieruldecraft.ro\/?product=cutie-decorativa-pentru-aranjamente-de-absolvire\" \/>\n<meta property=\"article:publisher\" content=\"https:\/\/www.facebook.com\/profile.php?id=61572208782174\" \/>\n<meta property=\"article:modified_time\" content=\"2025-09-30T14:58:00+00:00\" \/>\n<meta property=\"og:image\" content=\"https:\/\/atelieruldecraft.ro\/wp-content\/uploads\/2025\/03\/7.png\" \/>\n\t<meta property=\"og:image:width\" content=\"800\" \/>\n\t<meta property=\"og:image:height\" content=\"800\" \/>\n\t<meta property=\"og:image:type\" content=\"image\/png\" \/>\n<meta name=\"twitter:card\" content=\"summary_large_image\" \/>\n<meta name=\"twitter:label1\" content=\"Timp estimat pentru citire\" \/>\n\t<meta name=\"twitter:data1\" content=\"1 minut\" \/>\n<script type=\"application\/ld+json\" class=\"yoast-schema-graph\">{\"@context\":\"https:\\\/\\\/schema.org\",\"@graph\":[{\"@type\":\"WebPage\",\"@id\":\"https:\\\/\\\/atelieruldecraft.ro\\\/?product=cutie-decorativa-pentru-aranjamente-de-absolvire\",\"url\":\"https:\\\/\\\/atelieruldecraft.ro\\\/?product=cutie-decorativa-pentru-aranjamente-de-absolvire\",\"name\":\"Cutie aranjamente pentru absolvire -\",\"isPartOf\":{\"@id\":\"https:\\\/\\\/atelieruldecraft.ro\\\/#website\"},\"primaryImageOfPage\":{\"@id\":\"https:\\\/\\\/atelieruldecraft.ro\\\/?product=cutie-decorativa-pentru-aranjamente-de-absolvire#primaryimage\"},\"image\":{\"@id\":\"https:\\\/\\\/atelieruldecraft.ro\\\/?product=cutie-decorativa-pentru-aranjamente-de-absolvire#primaryimage\"},\"thumbnailUrl\":\"https:\\\/\\\/atelieruldecraft.ro\\\/wp-content\\\/uploads\\\/2025\\\/03\\\/7.png\",\"datePublished\":\"2025-03-25T18:10:27+00:00\",\"dateModified\":\"2025-09-30T14:58:00+00:00\",\"description\":\"Cutie decorativa pentru aranjamente de absolvire, pentru a pune \u00een valoare florile, accesoriile festive sau mesajele de felicitare dedicate promo\u021biei 2025.\",\"breadcrumb\":{\"@id\":\"https:\\\/\\\/atelieruldecraft.ro\\\/?product=cutie-decorativa-pentru-aranjamente-de-absolvire#breadcrumb\"},\"inLanguage\":\"ro-RO\",\"potentialAction\":[{\"@type\":\"ReadAction\",\"target\":[\"https:\\\/\\\/atelieruldecraft.ro\\\/?product=cutie-decorativa-pentru-aranjamente-de-absolvire\"]}]},{\"@type\":\"ImageObject\",\"inLanguage\":\"ro-RO\",\"@id\":\"https:\\\/\\\/atelieruldecraft.ro\\\/?product=cutie-decorativa-pentru-aranjamente-de-absolvire#primaryimage\",\"url\":\"https:\\\/\\\/atelieruldecraft.ro\\\/wp-content\\\/uploads\\\/2025\\\/03\\\/7.png\",\"contentUrl\":\"https:\\\/\\\/atelieruldecraft.ro\\\/wp-content\\\/uploads\\\/2025\\\/03\\\/7.png\",\"width\":800,\"height\":800,\"caption\":\"cutie aranjamente absolvire\"},{\"@type\":\"BreadcrumbList\",\"@id\":\"https:\\\/\\\/atelieruldecraft.ro\\\/?product=cutie-decorativa-pentru-aranjamente-de-absolvire#breadcrumb\",\"itemListElement\":[{\"@type\":\"ListItem\",\"position\":1,\"name\":\"Home\",\"item\":\"https:\\\/\\\/atelieruldecraft.ro\\\/\"},{\"@type\":\"ListItem\",\"position\":2,\"name\":\"Shop\",\"item\":\"https:\\\/\\\/atelieruldecraft.ro\\\/?page_id=6\"},{\"@type\":\"ListItem\",\"position\":3,\"name\":\"Cutie aranjamente pentru absolvire\"}]},{\"@type\":\"WebSite\",\"@id\":\"https:\\\/\\\/atelieruldecraft.ro\\\/#website\",\"url\":\"https:\\\/\\\/atelieruldecraft.ro\\\/\",\"name\":\"Atelierul de Craft\",\"description\":\"craft with love, made from heart\",\"publisher\":{\"@id\":\"https:\\\/\\\/atelieruldecraft.ro\\\/#organization\"},\"potentialAction\":[{\"@type\":\"SearchAction\",\"target\":{\"@type\":\"EntryPoint\",\"urlTemplate\":\"https:\\\/\\\/atelieruldecraft.ro\\\/?s={search_term_string}\"},\"query-input\":{\"@type\":\"PropertyValueSpecification\",\"valueRequired\":true,\"valueName\":\"search_term_string\"}}],\"inLanguage\":\"ro-RO\"},{\"@type\":\"Organization\",\"@id\":\"https:\\\/\\\/atelieruldecraft.ro\\\/#organization\",\"name\":\"Atelierul de Craft\",\"url\":\"https:\\\/\\\/atelieruldecraft.ro\\\/\",\"logo\":{\"@type\":\"ImageObject\",\"inLanguage\":\"ro-RO\",\"@id\":\"https:\\\/\\\/atelieruldecraft.ro\\\/#\\\/schema\\\/logo\\\/image\\\/\",\"url\":\"https:\\\/\\\/atelieruldecraft.ro\\\/wp-content\\\/uploads\\\/2025\\\/03\\\/proba_logo_website.png\",\"contentUrl\":\"https:\\\/\\\/atelieruldecraft.ro\\\/wp-content\\\/uploads\\\/2025\\\/03\\\/proba_logo_website.png\",\"width\":1065,\"height\":197,\"caption\":\"Atelierul de Craft\"},\"image\":{\"@id\":\"https:\\\/\\\/atelieruldecraft.ro\\\/#\\\/schema\\\/logo\\\/image\\\/\"},\"sameAs\":[\"https:\\\/\\\/www.facebook.com\\\/profile.php?id=61572208782174\"]}]}<\/script>\n<!-- \/ Yoast SEO plugin. -->","yoast_head_json":{"title":"Cutie aranjamente pentru absolvire -","description":"Cutie decorativa pentru aranjamente de absolvire, pentru a pune \u00een valoare florile, accesoriile festive sau mesajele de felicitare dedicate promo\u021biei 2025.","robots":{"index":"index","follow":"follow","max-snippet":"max-snippet:-1","max-image-preview":"max-image-preview:large","max-video-preview":"max-video-preview:-1"},"canonical":"https:\/\/atelieruldecraft.ro\/?product=cutie-decorativa-pentru-aranjamente-de-absolvire","og_locale":"ro_RO","og_type":"article","og_title":"Cutie aranjamente pentru absolvire -","og_description":"Cutie decorativa pentru aranjamente de absolvire, pentru a pune \u00een valoare florile, accesoriile festive sau mesajele de felicitare dedicate promo\u021biei 2025.","og_url":"https:\/\/atelieruldecraft.ro\/?product=cutie-decorativa-pentru-aranjamente-de-absolvire","article_publisher":"https:\/\/www.facebook.com\/profile.php?id=61572208782174","article_modified_time":"2025-09-30T14:58:00+00:00","og_image":[{"width":800,"height":800,"url":"https:\/\/atelieruldecraft.ro\/wp-content\/uploads\/2025\/03\/7.png","type":"image\/png"}],"twitter_card":"summary_large_image","twitter_misc":{"Timp estimat pentru citire":"1 minut"},"schema":{"@context":"https:\/\/schema.org","@graph":[{"@type":"WebPage","@id":"https:\/\/atelieruldecraft.ro\/?product=cutie-decorativa-pentru-aranjamente-de-absolvire","url":"https:\/\/atelieruldecraft.ro\/?product=cutie-decorativa-pentru-aranjamente-de-absolvire","name":"Cutie aranjamente pentru absolvire -","isPartOf":{"@id":"https:\/\/atelieruldecraft.ro\/#website"},"primaryImageOfPage":{"@id":"https:\/\/atelieruldecraft.ro\/?product=cutie-decorativa-pentru-aranjamente-de-absolvire#primaryimage"},"image":{"@id":"https:\/\/atelieruldecraft.ro\/?product=cutie-decorativa-pentru-aranjamente-de-absolvire#primaryimage"},"thumbnailUrl":"https:\/\/atelieruldecraft.ro\/wp-content\/uploads\/2025\/03\/7.png","datePublished":"2025-03-25T18:10:27+00:00","dateModified":"2025-09-30T14:58:00+00:00","description":"Cutie decorativa pentru aranjamente de absolvire, pentru a pune \u00een valoare florile, accesoriile festive sau mesajele de felicitare dedicate promo\u021biei 2025.","breadcrumb":{"@id":"https:\/\/atelieruldecraft.ro\/?product=cutie-decorativa-pentru-aranjamente-de-absolvire#breadcrumb"},"inLanguage":"ro-RO","potentialAction":[{"@type":"ReadAction","target":["https:\/\/atelieruldecraft.ro\/?product=cutie-decorativa-pentru-aranjamente-de-absolvire"]}]},{"@type":"ImageObject","inLanguage":"ro-RO","@id":"https:\/\/atelieruldecraft.ro\/?product=cutie-decorativa-pentru-aranjamente-de-absolvire#primaryimage","url":"https:\/\/atelieruldecraft.ro\/wp-content\/uploads\/2025\/03\/7.png","contentUrl":"https:\/\/atelieruldecraft.ro\/wp-content\/uploads\/2025\/03\/7.png","width":800,"height":800,"caption":"cutie aranjamente absolvire"},{"@type":"BreadcrumbList","@id":"https:\/\/atelieruldecraft.ro\/?product=cutie-decorativa-pentru-aranjamente-de-absolvire#breadcrumb","itemListElement":[{"@type":"ListItem","position":1,"name":"Home","item":"https:\/\/atelieruldecraft.ro\/"},{"@type":"ListItem","position":2,"name":"Shop","item":"https:\/\/atelieruldecraft.ro\/?page_id=6"},{"@type":"ListItem","position":3,"name":"Cutie aranjamente pentru absolvire"}]},{"@type":"WebSite","@id":"https:\/\/atelieruldecraft.ro\/#website","url":"https:\/\/atelieruldecraft.ro\/","name":"Atelierul de Craft","description":"craft with love, made from heart","publisher":{"@id":"https:\/\/atelieruldecraft.ro\/#organization"},"potentialAction":[{"@type":"SearchAction","target":{"@type":"EntryPoint","urlTemplate":"https:\/\/atelieruldecraft.ro\/?s={search_term_string}"},"query-input":{"@type":"PropertyValueSpecification","valueRequired":true,"valueName":"search_term_string"}}],"inLanguage":"ro-RO"},{"@type":"Organization","@id":"https:\/\/atelieruldecraft.ro\/#organization","name":"Atelierul de Craft","url":"https:\/\/atelieruldecraft.ro\/","logo":{"@type":"ImageObject","inLanguage":"ro-RO","@id":"https:\/\/atelieruldecraft.ro\/#\/schema\/logo\/image\/","url":"https:\/\/atelieruldecraft.ro\/wp-content\/uploads\/2025\/03\/proba_logo_website.png","contentUrl":"https:\/\/atelieruldecraft.ro\/wp-content\/uploads\/2025\/03\/proba_logo_website.png","width":1065,"height":197,"caption":"Atelierul de Craft"},"image":{"@id":"https:\/\/atelieruldecraft.ro\/#\/schema\/logo\/image\/"},"sameAs":["https:\/\/www.facebook.com\/profile.php?id=61572208782174"]}]}},"_links":{"self":[{"href":"https:\/\/atelieruldecraft.ro\/index.php?rest_route=\/wp\/v2\/product\/115","targetHints":{"allow":["GET"]}}],"collection":[{"href":"https:\/\/atelieruldecraft.ro\/index.php?rest_route=\/wp\/v2\/product"}],"about":[{"href":"https:\/\/atelieruldecraft.ro\/index.php?rest_route=\/wp\/v2\/types\/product"}],"replies":[{"embeddable":true,"href":"https:\/\/atelieruldecraft.ro\/index.php?rest_route=%2Fwp%2Fv2%2Fcomments&post=115"}],"wp:featuredmedia":[{"embeddable":true,"href":"https:\/\/atelieruldecraft.ro\/index.php?rest_route=\/wp\/v2\/media\/114"}],"wp:attachment":[{"href":"https:\/\/atelieruldecraft.ro\/index.php?rest_route=%2Fwp%2Fv2%2Fmedia&parent=115"}],"wp:term":[{"taxonomy":"product_brand","embeddable":true,"href":"https:\/\/atelieruldecraft.ro\/index.php?rest_route=%2Fwp%2Fv2%2Fproduct_brand&post=115"},{"taxonomy":"product_cat","embeddable":true,"href":"https:\/\/atelieruldecraft.ro\/index.php?rest_route=%2Fwp%2Fv2%2Fproduct_cat&post=115"},{"taxonomy":"product_tag","embeddable":true,"href":"https:\/\/atelieruldecraft.ro\/index.php?rest_route=%2Fwp%2Fv2%2Fproduct_tag&post=115"}],"curies":[{"name":"wp","href":"https:\/\/api.w.org\/{rel}","templated":true}]}}