{"id":216,"date":"2025-03-31T07:38:49","date_gmt":"2025-03-31T07:38:49","guid":{"rendered":"https:\/\/atelieruldecraft.ro\/?page_id=216"},"modified":"2025-04-06T12:33:47","modified_gmt":"2025-04-06T12:33:47","slug":"metode-de-plata","status":"publish","type":"page","link":"https:\/\/atelieruldecraft.ro\/?page_id=216","title":{"rendered":"Metode de plat\u0103"},"content":{"rendered":"\n<p>Pute\u021bi cump\u0103ra produsele de pe site-ul www.atelieruldecraft.ro\u00a0folosind urm\u0103toarele instrumente de plat\u0103:<\/p>\n\n\n\n<p><strong>Ramburs (cash) la livrarea coletului<\/strong><\/p>\n\n\n\n<p>Contravaloarea produselor \u0219i a serviciilor comandate pot fi achitate curierului chiar la livrarea acestora, la adresa specificat\u0103 de dumneavoastr\u0103.<\/p>\n\n\n\n<p><strong>Transfer bancar<\/strong><\/p>\n\n\n\n<p>Plata se poate face \u0219i prin virament bancar pe baza facturii proforme, livrarea produselor urm\u00e2nd a se face dupa intrarea sumei (contravaloarea total\u0103 a facturii) \u00een contul nostru.<\/p>\n\n\n\n<p>Datele necesare pentru efectuarea pl\u0103\u021bii prin transfer bancar sunt:<\/p>\n\n\n\n<ul class=\"wp-block-list\">\n<li>SC ZIMTIPO UNIC SRL<\/li>\n\n\n\n<li>CUI 39443160<\/li>\n\n\n\n<li>Nr. Reg.Com.J06\/649\/2018<\/li>\n\n\n\n<li>Sediul social: BISTRITA, Zefirului 1, jud. BN<\/li>\n\n\n\n<li>Banca TRANSILVANIA Cont IBAN:RO96BTRLRONCRT0450696401<\/li>\n<\/ul>\n","protected":false},"excerpt":{"rendered":"<p>Pute\u021bi cump\u0103ra produsele de pe site-ul www.atelieruldecraft.ro\u00a0folosind urm\u0103toarele instrumente de plat\u0103: Ramburs (cash) la livrarea coletului Contravaloarea produselor \u0219i a serviciilor comandate pot fi achitate &hellip; <\/p>\n","protected":false},"author":1,"featured_media":0,"parent":0,"menu_order":0,"comment_status":"closed","ping_status":"closed","template":"","meta":{"_monsterinsights_skip_tracking":false,"_monsterinsights_sitenote_active":false,"_monsterinsights_sitenote_note":"","_monsterinsights_sitenote_category":0,"footnotes":""},"class_list":["post-216","page","type-page","status-publish","hentry","latest_post"],"yoast_head":"<!-- This site is optimized with the Yoast SEO plugin v27.3 - https:\/\/yoast.com\/product\/yoast-seo-wordpress\/ -->\n<title>Metode de plat\u0103 -<\/title>\n<meta name=\"description\" content=\"Pute\u021bi cump\u0103ra produsele de pe site-ul www.atelieruldecraft.ro\u00a0folosind urm\u0103toarele instrumente de plat\u0103:\" \/>\n<meta name=\"robots\" content=\"index, follow, max-snippet:-1, max-image-preview:large, max-video-preview:-1\" \/>\n<link rel=\"canonical\" href=\"https:\/\/atelieruldecraft.ro\/?page_id=216\" \/>\n<meta property=\"og:locale\" content=\"ro_RO\" \/>\n<meta property=\"og:type\" content=\"article\" \/>\n<meta property=\"og:title\" content=\"Metode de plat\u0103 -\" \/>\n<meta property=\"og:description\" content=\"Pute\u021bi cump\u0103ra produsele de pe site-ul www.atelieruldecraft.ro\u00a0folosind urm\u0103toarele instrumente de plat\u0103:\" \/>\n<meta property=\"og:url\" content=\"https:\/\/atelieruldecraft.ro\/?page_id=216\" \/>\n<meta property=\"article:publisher\" content=\"https:\/\/www.facebook.com\/profile.php?id=61572208782174\" \/>\n<meta property=\"article:modified_time\" content=\"2025-04-06T12:33:47+00:00\" \/>\n<meta name=\"twitter:card\" content=\"summary_large_image\" \/>\n<meta name=\"twitter:label1\" content=\"Timp estimat pentru citire\" \/>\n\t<meta name=\"twitter:data1\" content=\"1 minut\" \/>\n<script type=\"application\/ld+json\" class=\"yoast-schema-graph\">{\"@context\":\"https:\\\/\\\/schema.org\",\"@graph\":[{\"@type\":\"WebPage\",\"@id\":\"https:\\\/\\\/atelieruldecraft.ro\\\/?page_id=216\",\"url\":\"https:\\\/\\\/atelieruldecraft.ro\\\/?page_id=216\",\"name\":\"Metode de plat\u0103 -\",\"isPartOf\":{\"@id\":\"https:\\\/\\\/atelieruldecraft.ro\\\/#website\"},\"datePublished\":\"2025-03-31T07:38:49+00:00\",\"dateModified\":\"2025-04-06T12:33:47+00:00\",\"description\":\"Pute\u021bi cump\u0103ra produsele de pe site-ul www.atelieruldecraft.ro\u00a0folosind urm\u0103toarele instrumente de plat\u0103:\",\"breadcrumb\":{\"@id\":\"https:\\\/\\\/atelieruldecraft.ro\\\/?page_id=216#breadcrumb\"},\"inLanguage\":\"ro-RO\",\"potentialAction\":[{\"@type\":\"ReadAction\",\"target\":[\"https:\\\/\\\/atelieruldecraft.ro\\\/?page_id=216\"]}]},{\"@type\":\"BreadcrumbList\",\"@id\":\"https:\\\/\\\/atelieruldecraft.ro\\\/?page_id=216#breadcrumb\",\"itemListElement\":[{\"@type\":\"ListItem\",\"position\":1,\"name\":\"Home\",\"item\":\"https:\\\/\\\/atelieruldecraft.ro\\\/\"},{\"@type\":\"ListItem\",\"position\":2,\"name\":\"Metode de plat\u0103\"}]},{\"@type\":\"WebSite\",\"@id\":\"https:\\\/\\\/atelieruldecraft.ro\\\/#website\",\"url\":\"https:\\\/\\\/atelieruldecraft.ro\\\/\",\"name\":\"Atelierul de Craft\",\"description\":\"craft with love, made from heart\",\"publisher\":{\"@id\":\"https:\\\/\\\/atelieruldecraft.ro\\\/#organization\"},\"potentialAction\":[{\"@type\":\"SearchAction\",\"target\":{\"@type\":\"EntryPoint\",\"urlTemplate\":\"https:\\\/\\\/atelieruldecraft.ro\\\/?s={search_term_string}\"},\"query-input\":{\"@type\":\"PropertyValueSpecification\",\"valueRequired\":true,\"valueName\":\"search_term_string\"}}],\"inLanguage\":\"ro-RO\"},{\"@type\":\"Organization\",\"@id\":\"https:\\\/\\\/atelieruldecraft.ro\\\/#organization\",\"name\":\"Atelierul de Craft\",\"url\":\"https:\\\/\\\/atelieruldecraft.ro\\\/\",\"logo\":{\"@type\":\"ImageObject\",\"inLanguage\":\"ro-RO\",\"@id\":\"https:\\\/\\\/atelieruldecraft.ro\\\/#\\\/schema\\\/logo\\\/image\\\/\",\"url\":\"https:\\\/\\\/atelieruldecraft.ro\\\/wp-content\\\/uploads\\\/2025\\\/03\\\/proba_logo_website.png\",\"contentUrl\":\"https:\\\/\\\/atelieruldecraft.ro\\\/wp-content\\\/uploads\\\/2025\\\/03\\\/proba_logo_website.png\",\"width\":1065,\"height\":197,\"caption\":\"Atelierul de Craft\"},\"image\":{\"@id\":\"https:\\\/\\\/atelieruldecraft.ro\\\/#\\\/schema\\\/logo\\\/image\\\/\"},\"sameAs\":[\"https:\\\/\\\/www.facebook.com\\\/profile.php?id=61572208782174\"]}]}<\/script>\n<!-- \/ Yoast SEO plugin. -->","yoast_head_json":{"title":"Metode de plat\u0103 -","description":"Pute\u021bi cump\u0103ra produsele de pe site-ul www.atelieruldecraft.ro\u00a0folosind urm\u0103toarele instrumente de plat\u0103:","robots":{"index":"index","follow":"follow","max-snippet":"max-snippet:-1","max-image-preview":"max-image-preview:large","max-video-preview":"max-video-preview:-1"},"canonical":"https:\/\/atelieruldecraft.ro\/?page_id=216","og_locale":"ro_RO","og_type":"article","og_title":"Metode de plat\u0103 -","og_description":"Pute\u021bi cump\u0103ra produsele de pe site-ul www.atelieruldecraft.ro\u00a0folosind urm\u0103toarele instrumente de plat\u0103:","og_url":"https:\/\/atelieruldecraft.ro\/?page_id=216","article_publisher":"https:\/\/www.facebook.com\/profile.php?id=61572208782174","article_modified_time":"2025-04-06T12:33:47+00:00","twitter_card":"summary_large_image","twitter_misc":{"Timp estimat pentru citire":"1 minut"},"schema":{"@context":"https:\/\/schema.org","@graph":[{"@type":"WebPage","@id":"https:\/\/atelieruldecraft.ro\/?page_id=216","url":"https:\/\/atelieruldecraft.ro\/?page_id=216","name":"Metode de plat\u0103 -","isPartOf":{"@id":"https:\/\/atelieruldecraft.ro\/#website"},"datePublished":"2025-03-31T07:38:49+00:00","dateModified":"2025-04-06T12:33:47+00:00","description":"Pute\u021bi cump\u0103ra produsele de pe site-ul www.atelieruldecraft.ro\u00a0folosind urm\u0103toarele instrumente de plat\u0103:","breadcrumb":{"@id":"https:\/\/atelieruldecraft.ro\/?page_id=216#breadcrumb"},"inLanguage":"ro-RO","potentialAction":[{"@type":"ReadAction","target":["https:\/\/atelieruldecraft.ro\/?page_id=216"]}]},{"@type":"BreadcrumbList","@id":"https:\/\/atelieruldecraft.ro\/?page_id=216#breadcrumb","itemListElement":[{"@type":"ListItem","position":1,"name":"Home","item":"https:\/\/atelieruldecraft.ro\/"},{"@type":"ListItem","position":2,"name":"Metode de plat\u0103"}]},{"@type":"WebSite","@id":"https:\/\/atelieruldecraft.ro\/#website","url":"https:\/\/atelieruldecraft.ro\/","name":"Atelierul de Craft","description":"craft with love, made from heart","publisher":{"@id":"https:\/\/atelieruldecraft.ro\/#organization"},"potentialAction":[{"@type":"SearchAction","target":{"@type":"EntryPoint","urlTemplate":"https:\/\/atelieruldecraft.ro\/?s={search_term_string}"},"query-input":{"@type":"PropertyValueSpecification","valueRequired":true,"valueName":"search_term_string"}}],"inLanguage":"ro-RO"},{"@type":"Organization","@id":"https:\/\/atelieruldecraft.ro\/#organization","name":"Atelierul de Craft","url":"https:\/\/atelieruldecraft.ro\/","logo":{"@type":"ImageObject","inLanguage":"ro-RO","@id":"https:\/\/atelieruldecraft.ro\/#\/schema\/logo\/image\/","url":"https:\/\/atelieruldecraft.ro\/wp-content\/uploads\/2025\/03\/proba_logo_website.png","contentUrl":"https:\/\/atelieruldecraft.ro\/wp-content\/uploads\/2025\/03\/proba_logo_website.png","width":1065,"height":197,"caption":"Atelierul de Craft"},"image":{"@id":"https:\/\/atelieruldecraft.ro\/#\/schema\/logo\/image\/"},"sameAs":["https:\/\/www.facebook.com\/profile.php?id=61572208782174"]}]}},"_links":{"self":[{"href":"https:\/\/atelieruldecraft.ro\/index.php?rest_route=\/wp\/v2\/pages\/216","targetHints":{"allow":["GET"]}}],"collection":[{"href":"https:\/\/atelieruldecraft.ro\/index.php?rest_route=\/wp\/v2\/pages"}],"about":[{"href":"https:\/\/atelieruldecraft.ro\/index.php?rest_route=\/wp\/v2\/types\/page"}],"author":[{"embeddable":true,"href":"https:\/\/atelieruldecraft.ro\/index.php?rest_route=\/wp\/v2\/users\/1"}],"replies":[{"embeddable":true,"href":"https:\/\/atelieruldecraft.ro\/index.php?rest_route=%2Fwp%2Fv2%2Fcomments&post=216"}],"version-history":[{"count":3,"href":"https:\/\/atelieruldecraft.ro\/index.php?rest_route=\/wp\/v2\/pages\/216\/revisions"}],"predecessor-version":[{"id":301,"href":"https:\/\/atelieruldecraft.ro\/index.php?rest_route=\/wp\/v2\/pages\/216\/revisions\/301"}],"wp:attachment":[{"href":"https:\/\/atelieruldecraft.ro\/index.php?rest_route=%2Fwp%2Fv2%2Fmedia&parent=216"}],"curies":[{"name":"wp","href":"https:\/\/api.w.org\/{rel}","templated":true}]}}